{"id":1979,"date":"2023-10-17T19:59:11","date_gmt":"2023-10-17T19:59:11","guid":{"rendered":"https:\/\/rafaelpedrosadorado.com\/?page_id=1979"},"modified":"2023-10-26T19:33:08","modified_gmt":"2023-10-26T19:33:08","slug":"colour-motion","status":"publish","type":"page","link":"https:\/\/rafaelpedrosadorado.com\/en\/colour-motion\/","title":{"rendered":"Colour Motion"},"content":{"rendered":"<div data-elementor-type=\"wp-page\" data-elementor-id=\"1979\" class=\"elementor elementor-1979\">\n\t\t\t\t\t\t<section class=\"elementor-section elementor-top-section elementor-element elementor-element-99807ad elementor-section-height-min-height elementor-section-items-bottom elementor-section-content-middle elementor-section-boxed elementor-section-height-default\" data-id=\"99807ad\" data-element_type=\"section\" data-e-type=\"section\" data-settings=\"{&quot;background_background&quot;:&quot;classic&quot;}\">\n\t\t\t\t\t\t<div class=\"elementor-container elementor-column-gap-default\">\n\t\t\t\t\t<div class=\"elementor-column elementor-col-100 elementor-top-column elementor-element elementor-element-315a305\" data-id=\"315a305\" data-element_type=\"column\" data-e-type=\"column\">\n\t\t\t<div class=\"elementor-widget-wrap\">\n\t\t\t\t\t\t\t<\/div>\n\t\t<\/div>\n\t\t\t\t\t<\/div>\n\t\t<\/section>\n\t\t\t\t<section class=\"elementor-section elementor-top-section elementor-element elementor-element-69b8554 elementor-section-boxed elementor-section-height-default elementor-section-height-default\" data-id=\"69b8554\" data-element_type=\"section\" data-e-type=\"section\">\n\t\t\t\t\t\t<div class=\"elementor-container elementor-column-gap-default\">\n\t\t\t\t\t<div class=\"elementor-column elementor-col-100 elementor-top-column elementor-element elementor-element-e19776e\" data-id=\"e19776e\" data-element_type=\"column\" data-e-type=\"column\">\n\t\t\t<div class=\"elementor-widget-wrap elementor-element-populated\">\n\t\t\t\t\t\t<div class=\"elementor-element elementor-element-9fce402 title-style elementor-widget elementor-widget-heading\" data-id=\"9fce402\" data-element_type=\"widget\" data-e-type=\"widget\" data-widget_type=\"heading.default\">\n\t\t\t\t<div class=\"elementor-widget-container\">\n\t\t\t\t\t<h1 class=\"elementor-heading-title elementor-size-default\">Colour Motion<\/h1>\t\t\t\t<\/div>\n\t\t\t\t<\/div>\n\t\t\t\t\t<\/div>\n\t\t<\/div>\n\t\t\t\t\t<\/div>\n\t\t<\/section>\n\t\t\t\t<section class=\"elementor-section elementor-top-section elementor-element elementor-element-2f97810 elementor-section-content-middle container-m elementor-section-boxed elementor-section-height-default elementor-section-height-default\" data-id=\"2f97810\" data-element_type=\"section\" data-e-type=\"section\">\n\t\t\t\t\t\t<div class=\"elementor-container elementor-column-gap-default\">\n\t\t\t\t\t<div class=\"elementor-column elementor-col-50 elementor-top-column elementor-element elementor-element-f1a5c7d minh-350\" data-id=\"f1a5c7d\" data-element_type=\"column\" data-e-type=\"column\" data-settings=\"{&quot;background_background&quot;:&quot;classic&quot;}\">\n\t\t\t<div class=\"elementor-widget-wrap elementor-element-populated\">\n\t\t\t\t\t\t<div class=\"elementor-element elementor-element-866df0b elementor-widget__width-initial elementor-absolute elementor-widget-mobile__width-auto elementor-widget elementor-widget-image\" data-id=\"866df0b\" data-element_type=\"widget\" data-e-type=\"widget\" data-settings=\"{&quot;_position&quot;:&quot;absolute&quot;}\" data-widget_type=\"image.default\">\n\t\t\t\t<div class=\"elementor-widget-container\">\n\t\t\t\t\t\t\t\t\t\t\t\t\t\t\t<img fetchpriority=\"high\" decoding=\"async\" width=\"744\" height=\"742\" src=\"https:\/\/rafaelpedrosadorado.com\/wp-content\/uploads\/2023\/10\/Proyecto-nuevo-24.jpg\" class=\"attachment-medium_large size-medium_large wp-image-1992\" alt=\"\" srcset=\"https:\/\/rafaelpedrosadorado.com\/wp-content\/uploads\/2023\/10\/Proyecto-nuevo-24.jpg 744w, https:\/\/rafaelpedrosadorado.com\/wp-content\/uploads\/2023\/10\/Proyecto-nuevo-24-300x300.jpg 300w, https:\/\/rafaelpedrosadorado.com\/wp-content\/uploads\/2023\/10\/Proyecto-nuevo-24-150x150.jpg 150w, https:\/\/rafaelpedrosadorado.com\/wp-content\/uploads\/2023\/10\/Proyecto-nuevo-24-12x12.jpg 12w\" sizes=\"(max-width: 744px) 100vw, 744px\" \/>\t\t\t\t\t\t\t\t\t\t\t\t\t\t\t<\/div>\n\t\t\t\t<\/div>\n\t\t\t\t\t<\/div>\n\t\t<\/div>\n\t\t\t\t<div class=\"elementor-column elementor-col-50 elementor-top-column elementor-element elementor-element-6408b02\" data-id=\"6408b02\" data-element_type=\"column\" data-e-type=\"column\">\n\t\t\t<div class=\"elementor-widget-wrap elementor-element-populated\">\n\t\t\t\t\t\t<div class=\"elementor-element elementor-element-496c6d5 elementor-widget-tablet__width-inherit elementor-widget elementor-widget-heading\" data-id=\"496c6d5\" data-element_type=\"widget\" data-e-type=\"widget\" data-widget_type=\"heading.default\">\n\t\t\t\t<div class=\"elementor-widget-container\">\n\t\t\t\t\t<h3 class=\"elementor-heading-title elementor-size-default\">Colour Motion<\/h3>\t\t\t\t<\/div>\n\t\t\t\t<\/div>\n\t\t\t\t<div class=\"elementor-element elementor-element-1700d27 elementor-widget elementor-widget-heading\" data-id=\"1700d27\" data-element_type=\"widget\" data-e-type=\"widget\" data-widget_type=\"heading.default\">\n\t\t\t\t<div class=\"elementor-widget-container\">\n\t\t\t\t\t<h3 class=\"elementor-heading-title elementor-size-default\">Exhibition 2023<\/h3>\t\t\t\t<\/div>\n\t\t\t\t<\/div>\n\t\t\t\t<div class=\"elementor-element elementor-element-fc364b4 elementor-widget__width-initial elementor-widget elementor-widget-text-editor\" data-id=\"fc364b4\" data-element_type=\"widget\" data-e-type=\"widget\" data-widget_type=\"text-editor.default\">\n\t\t\t\t<div class=\"elementor-widget-container\">\n\t\t\t\t\t\t\t\t\t<p><span class=\"Y2IQFc\" lang=\"es\">\u201cColour Motion\u201d is a selection of works completed over the last two years. This exhibition has paintings from three series of works \u201cPicnic\u201d, \u201cLinescape\u201d and \u201cEstuaries movement\u201d\nMy work is based on different elements of the landscape and I have drawn upon this as the inspiration for my studies and practice. I play with abstract shapes, the relationship between natural and geometric shapes, the study of colour and composition, sensations and memories.<\/span><\/p><p><span class=\"Y2IQFc\" lang=\"es\">\u00a0\"Picnic\" is based on the images that this word can convey to us, these paintings bring together different elements such as colour, landscape, shapes and composition and seek to experiment with each of these elements.<\/span><\/p><p><span class=\"Y2IQFc\" lang=\"es\">\u00a0\u201cLinescape\u201d is a series of works that show the relationship between landscapes within urban spaces. It is based on the traditional idea of landscape painting, but in this case, it is interrupted by geometric elements or masses of paint.\u00a0<\/span><\/p><p><span class=\"Y2IQFc\" lang=\"es\">\u201cEstuaries Movements\u201d Recently, I have worked on movement and communication found in river estuaries. Drawing on my relationship with the geography of North Devon, I have tried to capture the changes in colour, shape, light, and life as the water moves, transforming the ever-changing landscapes around the Rivers Taw and Torridge.<\/span><\/p>\t\t\t\t\t\t\t\t<\/div>\n\t\t\t\t<\/div>\n\t\t\t\t\t<\/div>\n\t\t<\/div>\n\t\t\t\t\t<\/div>\n\t\t<\/section>\n\t\t\t\t<section class=\"elementor-section elementor-top-section elementor-element elementor-element-f30852d elementor-section-boxed elementor-section-height-default elementor-section-height-default\" data-id=\"f30852d\" data-element_type=\"section\" data-e-type=\"section\">\n\t\t\t\t\t\t<div class=\"elementor-container elementor-column-gap-extended\">\n\t\t\t\t\t<div class=\"elementor-column elementor-col-100 elementor-top-column elementor-element elementor-element-2cf1996\" data-id=\"2cf1996\" data-element_type=\"column\" data-e-type=\"column\">\n\t\t\t<div class=\"elementor-widget-wrap elementor-element-populated\">\n\t\t\t\t\t\t<div class=\"elementor-element elementor-element-fd6def7 elementor-widget__width-initial elementor-widget elementor-widget-video\" data-id=\"fd6def7\" data-element_type=\"widget\" data-e-type=\"widget\" data-settings=\"{&quot;video_type&quot;:&quot;hosted&quot;,&quot;controls&quot;:&quot;yes&quot;}\" data-widget_type=\"video.default\">\n\t\t\t\t<div class=\"elementor-widget-container\">\n\t\t\t\t\t\t\t<div class=\"e-hosted-video elementor-wrapper elementor-open-inline\">\n\t\t\t\t\t<video class=\"elementor-video\" src=\"https:\/\/rafaelpedrosadorado.com\/wp-content\/uploads\/2023\/10\/exhibition-video.mp4\" controls=\"\" preload=\"metadata\" controlslist=\"nodownload\"><\/video>\n\t\t\t\t<\/div>\n\t\t\t\t\t\t<\/div>\n\t\t\t\t<\/div>\n\t\t\t\t\t<\/div>\n\t\t<\/div>\n\t\t\t\t\t<\/div>\n\t\t<\/section>\n\t\t\t\t<section class=\"elementor-section elementor-top-section elementor-element elementor-element-4a8fbc6 elementor-section-full_width elementor-section-height-min-height elementor-section-height-default elementor-section-items-middle\" data-id=\"4a8fbc6\" data-element_type=\"section\" data-e-type=\"section\">\n\t\t\t\t\t\t<div class=\"elementor-container elementor-column-gap-default\">\n\t\t\t\t\t<div class=\"elementor-column elementor-col-100 elementor-top-column elementor-element elementor-element-ed8b17e\" data-id=\"ed8b17e\" data-element_type=\"column\" data-e-type=\"column\">\n\t\t\t<div class=\"elementor-widget-wrap\">\n\t\t\t\t\t\t\t<\/div>\n\t\t<\/div>\n\t\t\t\t\t<\/div>\n\t\t<\/section>\n\t\t\t\t<\/div>","protected":false},"excerpt":{"rendered":"<p>Colour Motion Colour Motion Exposici\u00f3n 2023 \u201cColour Motion\u201d es una selecci\u00f3n de trabajos realizados durante los \u00faltimos dos a\u00f1os. Esta exposici\u00f3n cuenta con pinturas de tres series de obras: \u201cPicnic\u201d, \u201cLinescape\u201d y \u201cMovimiento Estuarios\u201d. Mi trabajo se basa en diferentes elementos del paisaje y los he utilizado como inspiraci\u00f3n para mis estudios y pr\u00e1ctica. Juego [&hellip;]<\/p>\n","protected":false},"author":1,"featured_media":0,"parent":0,"menu_order":0,"comment_status":"closed","ping_status":"closed","template":"","meta":{"footnotes":""},"class_list":["post-1979","page","type-page","status-publish","hentry"],"yoast_head":"<!-- This site is optimized with the Yoast SEO plugin v27.2 - https:\/\/yoast.com\/product\/yoast-seo-wordpress\/ -->\n<title>Colour Motion -<\/title>\n<meta name=\"robots\" content=\"index, follow, max-snippet:-1, max-image-preview:large, max-video-preview:-1\" \/>\n<link rel=\"canonical\" href=\"https:\/\/rafaelpedrosadorado.com\/en\/colour-motion\/\" \/>\n<meta property=\"og:locale\" content=\"en_GB\" \/>\n<meta property=\"og:type\" content=\"article\" \/>\n<meta property=\"og:title\" content=\"Colour Motion -\" \/>\n<meta property=\"og:description\" content=\"Colour Motion Colour Motion Exposici\u00f3n 2023 \u201cColour Motion\u201d es una selecci\u00f3n de trabajos realizados durante los \u00faltimos dos a\u00f1os. Esta exposici\u00f3n cuenta con pinturas de tres series de obras: \u201cPicnic\u201d, \u201cLinescape\u201d y \u201cMovimiento Estuarios\u201d. Mi trabajo se basa en diferentes elementos del paisaje y los he utilizado como inspiraci\u00f3n para mis estudios y pr\u00e1ctica. Juego [&hellip;]\" \/>\n<meta property=\"og:url\" content=\"https:\/\/rafaelpedrosadorado.com\/en\/colour-motion\/\" \/>\n<meta property=\"article:modified_time\" content=\"2023-10-26T19:33:08+00:00\" \/>\n<meta property=\"og:image\" content=\"https:\/\/rafaelpedrosadorado.com\/wp-content\/uploads\/2023\/10\/Proyecto-nuevo-24.jpg\" \/>\n<meta name=\"twitter:card\" content=\"summary_large_image\" \/>\n<meta name=\"twitter:label1\" content=\"Estimated reading time\" \/>\n\t<meta name=\"twitter:data1\" content=\"1 minute\" \/>\n<script type=\"application\/ld+json\" class=\"yoast-schema-graph\">{\"@context\":\"https:\/\/schema.org\",\"@graph\":[{\"@type\":\"WebPage\",\"@id\":\"https:\/\/rafaelpedrosadorado.com\/colour-motion\/\",\"url\":\"https:\/\/rafaelpedrosadorado.com\/colour-motion\/\",\"name\":\"Colour Motion -\",\"isPartOf\":{\"@id\":\"https:\/\/rafaelpedrosadorado.com\/#website\"},\"primaryImageOfPage\":{\"@id\":\"https:\/\/rafaelpedrosadorado.com\/colour-motion\/#primaryimage\"},\"image\":{\"@id\":\"https:\/\/rafaelpedrosadorado.com\/colour-motion\/#primaryimage\"},\"thumbnailUrl\":\"https:\/\/rafaelpedrosadorado.com\/wp-content\/uploads\/2023\/10\/Proyecto-nuevo-24.jpg\",\"datePublished\":\"2023-10-17T19:59:11+00:00\",\"dateModified\":\"2023-10-26T19:33:08+00:00\",\"breadcrumb\":{\"@id\":\"https:\/\/rafaelpedrosadorado.com\/colour-motion\/#breadcrumb\"},\"inLanguage\":\"en-GB\",\"potentialAction\":[{\"@type\":\"ReadAction\",\"target\":[\"https:\/\/rafaelpedrosadorado.com\/colour-motion\/\"]}]},{\"@type\":\"ImageObject\",\"inLanguage\":\"en-GB\",\"@id\":\"https:\/\/rafaelpedrosadorado.com\/colour-motion\/#primaryimage\",\"url\":\"https:\/\/rafaelpedrosadorado.com\/wp-content\/uploads\/2023\/10\/Proyecto-nuevo-24.jpg\",\"contentUrl\":\"https:\/\/rafaelpedrosadorado.com\/wp-content\/uploads\/2023\/10\/Proyecto-nuevo-24.jpg\"},{\"@type\":\"BreadcrumbList\",\"@id\":\"https:\/\/rafaelpedrosadorado.com\/colour-motion\/#breadcrumb\",\"itemListElement\":[{\"@type\":\"ListItem\",\"position\":1,\"name\":\"Portada\",\"item\":\"https:\/\/rafaelpedrosadorado.com\/\"},{\"@type\":\"ListItem\",\"position\":2,\"name\":\"Colour Motion\"}]},{\"@type\":\"WebSite\",\"@id\":\"https:\/\/rafaelpedrosadorado.com\/#website\",\"url\":\"https:\/\/rafaelpedrosadorado.com\/\",\"name\":\"Rafael Pedrosa Dorado - Artista Contempor\u00e1neo\",\"description\":\"Rafael Pedrosa Dorado es un Artista Contempor\u00e1neo, actualmente reside en Londres donde combina su trabajo con su proyecto personal art\u00edstico realizando exposiciones individuales y colectivas.\",\"publisher\":{\"@id\":\"https:\/\/rafaelpedrosadorado.com\/#\/schema\/person\/7d4133c80c78a165fec9e39c08c28963\"},\"potentialAction\":[{\"@type\":\"SearchAction\",\"target\":{\"@type\":\"EntryPoint\",\"urlTemplate\":\"https:\/\/rafaelpedrosadorado.com\/?s={search_term_string}\"},\"query-input\":{\"@type\":\"PropertyValueSpecification\",\"valueRequired\":true,\"valueName\":\"search_term_string\"}}],\"inLanguage\":\"en-GB\"},{\"@type\":[\"Person\",\"Organization\"],\"@id\":\"https:\/\/rafaelpedrosadorado.com\/#\/schema\/person\/7d4133c80c78a165fec9e39c08c28963\",\"name\":\"Rafael Pedrosa Dorado\",\"image\":{\"@type\":\"ImageObject\",\"inLanguage\":\"en-GB\",\"@id\":\"https:\/\/rafaelpedrosadorado.com\/wp-content\/uploads\/2022\/12\/movil-head-1.jpg\",\"url\":\"https:\/\/rafaelpedrosadorado.com\/wp-content\/uploads\/2022\/12\/movil-head-1.jpg\",\"contentUrl\":\"https:\/\/rafaelpedrosadorado.com\/wp-content\/uploads\/2022\/12\/movil-head-1.jpg\",\"width\":700,\"height\":700,\"caption\":\"Rafael Pedrosa Dorado\"},\"logo\":{\"@id\":\"https:\/\/rafaelpedrosadorado.com\/wp-content\/uploads\/2022\/12\/movil-head-1.jpg\"},\"sameAs\":[\"http:\/\/rafaelpedrosadorado.com\"]}]}<\/script>\n<!-- \/ Yoast SEO plugin. -->","yoast_head_json":{"title":"Colour Motion -","robots":{"index":"index","follow":"follow","max-snippet":"max-snippet:-1","max-image-preview":"max-image-preview:large","max-video-preview":"max-video-preview:-1"},"canonical":"https:\/\/rafaelpedrosadorado.com\/en\/colour-motion\/","og_locale":"en_GB","og_type":"article","og_title":"Colour Motion -","og_description":"Colour Motion Colour Motion Exposici\u00f3n 2023 \u201cColour Motion\u201d es una selecci\u00f3n de trabajos realizados durante los \u00faltimos dos a\u00f1os. Esta exposici\u00f3n cuenta con pinturas de tres series de obras: \u201cPicnic\u201d, \u201cLinescape\u201d y \u201cMovimiento Estuarios\u201d. Mi trabajo se basa en diferentes elementos del paisaje y los he utilizado como inspiraci\u00f3n para mis estudios y pr\u00e1ctica. Juego [&hellip;]","og_url":"https:\/\/rafaelpedrosadorado.com\/en\/colour-motion\/","article_modified_time":"2023-10-26T19:33:08+00:00","og_image":[{"url":"https:\/\/rafaelpedrosadorado.com\/wp-content\/uploads\/2023\/10\/Proyecto-nuevo-24.jpg","type":"","width":"","height":""}],"twitter_card":"summary_large_image","twitter_misc":{"Estimated reading time":"1 minute"},"schema":{"@context":"https:\/\/schema.org","@graph":[{"@type":"WebPage","@id":"https:\/\/rafaelpedrosadorado.com\/colour-motion\/","url":"https:\/\/rafaelpedrosadorado.com\/colour-motion\/","name":"Colour Motion -","isPartOf":{"@id":"https:\/\/rafaelpedrosadorado.com\/#website"},"primaryImageOfPage":{"@id":"https:\/\/rafaelpedrosadorado.com\/colour-motion\/#primaryimage"},"image":{"@id":"https:\/\/rafaelpedrosadorado.com\/colour-motion\/#primaryimage"},"thumbnailUrl":"https:\/\/rafaelpedrosadorado.com\/wp-content\/uploads\/2023\/10\/Proyecto-nuevo-24.jpg","datePublished":"2023-10-17T19:59:11+00:00","dateModified":"2023-10-26T19:33:08+00:00","breadcrumb":{"@id":"https:\/\/rafaelpedrosadorado.com\/colour-motion\/#breadcrumb"},"inLanguage":"en-GB","potentialAction":[{"@type":"ReadAction","target":["https:\/\/rafaelpedrosadorado.com\/colour-motion\/"]}]},{"@type":"ImageObject","inLanguage":"en-GB","@id":"https:\/\/rafaelpedrosadorado.com\/colour-motion\/#primaryimage","url":"https:\/\/rafaelpedrosadorado.com\/wp-content\/uploads\/2023\/10\/Proyecto-nuevo-24.jpg","contentUrl":"https:\/\/rafaelpedrosadorado.com\/wp-content\/uploads\/2023\/10\/Proyecto-nuevo-24.jpg"},{"@type":"BreadcrumbList","@id":"https:\/\/rafaelpedrosadorado.com\/colour-motion\/#breadcrumb","itemListElement":[{"@type":"ListItem","position":1,"name":"Portada","item":"https:\/\/rafaelpedrosadorado.com\/"},{"@type":"ListItem","position":2,"name":"Colour Motion"}]},{"@type":"WebSite","@id":"https:\/\/rafaelpedrosadorado.com\/#website","url":"https:\/\/rafaelpedrosadorado.com\/","name":"Rafael Pedrosa Dorado - Artista Contempor\u00e1neo","description":"Rafael Pedrosa Dorado es un Artista Contempor\u00e1neo, actualmente reside en Londres donde combina su trabajo con su proyecto personal art\u00edstico realizando exposiciones individuales y colectivas.","publisher":{"@id":"https:\/\/rafaelpedrosadorado.com\/#\/schema\/person\/7d4133c80c78a165fec9e39c08c28963"},"potentialAction":[{"@type":"SearchAction","target":{"@type":"EntryPoint","urlTemplate":"https:\/\/rafaelpedrosadorado.com\/?s={search_term_string}"},"query-input":{"@type":"PropertyValueSpecification","valueRequired":true,"valueName":"search_term_string"}}],"inLanguage":"en-GB"},{"@type":["Person","Organization"],"@id":"https:\/\/rafaelpedrosadorado.com\/#\/schema\/person\/7d4133c80c78a165fec9e39c08c28963","name":"Rafael Pedrosa Dorado","image":{"@type":"ImageObject","inLanguage":"en-GB","@id":"https:\/\/rafaelpedrosadorado.com\/wp-content\/uploads\/2022\/12\/movil-head-1.jpg","url":"https:\/\/rafaelpedrosadorado.com\/wp-content\/uploads\/2022\/12\/movil-head-1.jpg","contentUrl":"https:\/\/rafaelpedrosadorado.com\/wp-content\/uploads\/2022\/12\/movil-head-1.jpg","width":700,"height":700,"caption":"Rafael Pedrosa Dorado"},"logo":{"@id":"https:\/\/rafaelpedrosadorado.com\/wp-content\/uploads\/2022\/12\/movil-head-1.jpg"},"sameAs":["http:\/\/rafaelpedrosadorado.com"]}]}},"jetpack_sharing_enabled":true,"_links":{"self":[{"href":"https:\/\/rafaelpedrosadorado.com\/en\/wp-json\/wp\/v2\/pages\/1979","targetHints":{"allow":["GET"]}}],"collection":[{"href":"https:\/\/rafaelpedrosadorado.com\/en\/wp-json\/wp\/v2\/pages"}],"about":[{"href":"https:\/\/rafaelpedrosadorado.com\/en\/wp-json\/wp\/v2\/types\/page"}],"author":[{"embeddable":true,"href":"https:\/\/rafaelpedrosadorado.com\/en\/wp-json\/wp\/v2\/users\/1"}],"replies":[{"embeddable":true,"href":"https:\/\/rafaelpedrosadorado.com\/en\/wp-json\/wp\/v2\/comments?post=1979"}],"version-history":[{"count":82,"href":"https:\/\/rafaelpedrosadorado.com\/en\/wp-json\/wp\/v2\/pages\/1979\/revisions"}],"predecessor-version":[{"id":2086,"href":"https:\/\/rafaelpedrosadorado.com\/en\/wp-json\/wp\/v2\/pages\/1979\/revisions\/2086"}],"wp:attachment":[{"href":"https:\/\/rafaelpedrosadorado.com\/en\/wp-json\/wp\/v2\/media?parent=1979"}],"curies":[{"name":"wp","href":"https:\/\/api.w.org\/{rel}","templated":true}]}}