{"id":46,"date":"2022-11-20T09:00:05","date_gmt":"2022-11-20T09:00:05","guid":{"rendered":"https:\/\/rafaelpedrosadorado.com\/?page_id=46"},"modified":"2024-05-21T20:04:43","modified_gmt":"2024-05-21T20:04:43","slug":"biografia","status":"publish","type":"page","link":"https:\/\/rafaelpedrosadorado.com\/en\/biografia\/","title":{"rendered":"Biography"},"content":{"rendered":"<div data-elementor-type=\"wp-page\" data-elementor-id=\"46\" class=\"elementor elementor-46\">\n\t\t\t\t\t\t<section class=\"elementor-section elementor-top-section elementor-element elementor-element-9fa650f elementor-section-full_width elementor-section-height-min-height elementor-section-items-bottom elementor-section-content-middle elementor-section-height-default\" data-id=\"9fa650f\" data-element_type=\"section\" data-e-type=\"section\" data-settings=\"{&quot;background_background&quot;:&quot;classic&quot;}\">\n\t\t\t\t\t\t<div class=\"elementor-container elementor-column-gap-default\">\n\t\t\t\t\t<div class=\"elementor-column elementor-col-100 elementor-top-column elementor-element elementor-element-d85c151\" data-id=\"d85c151\" data-element_type=\"column\" data-e-type=\"column\">\n\t\t\t<div class=\"elementor-widget-wrap\">\n\t\t\t\t\t\t\t<\/div>\n\t\t<\/div>\n\t\t\t\t\t<\/div>\n\t\t<\/section>\n\t\t\t\t<section class=\"elementor-section elementor-top-section elementor-element elementor-element-ce0639e elementor-section-boxed elementor-section-height-default elementor-section-height-default\" data-id=\"ce0639e\" data-element_type=\"section\" data-e-type=\"section\">\n\t\t\t\t\t\t<div class=\"elementor-container elementor-column-gap-default\">\n\t\t\t\t\t<div class=\"elementor-column elementor-col-100 elementor-top-column elementor-element elementor-element-2f30495 container-s\" data-id=\"2f30495\" data-element_type=\"column\" data-e-type=\"column\">\n\t\t\t<div class=\"elementor-widget-wrap elementor-element-populated\">\n\t\t\t\t\t\t<div class=\"elementor-element elementor-element-8d0986d title-style elementor-widget elementor-widget-heading\" data-id=\"8d0986d\" data-element_type=\"widget\" data-e-type=\"widget\" data-widget_type=\"heading.default\">\n\t\t\t\t<div class=\"elementor-widget-container\">\n\t\t\t\t\t<h1 class=\"elementor-heading-title elementor-size-default\">Biography<\/h1>\t\t\t\t<\/div>\n\t\t\t\t<\/div>\n\t\t\t\t<div class=\"elementor-element elementor-element-dbd330f elementor-widget elementor-widget-text-editor\" data-id=\"dbd330f\" data-element_type=\"widget\" data-e-type=\"widget\" data-widget_type=\"text-editor.default\">\n\t\t\t\t<div class=\"elementor-widget-container\">\n\t\t\t\t\t\t\t\t\t<p><span style=\"font-weight: 400;\">Rafael  is a contemporary artist born in Madrid and has a degree in Fine Arts from the Complutense University of Madrid. He had the opportunity to enjoy three study exchange scholarships: in Villa Arson, Nice (France), at the University of Fine Arts of Castilla la Mancha in Cuenca and another practical training scholarship in Padova (Italy) for the Fundazione per l\u2019Arte Contemporanea.\u00a0<\/span><\/p><p><span style=\"font-weight: 400;\">\u00a0<\/span><\/p><p><span style=\"font-weight: 400;\">After completing the Master of Management and Artistic Practice at the University of Murcia, he participated in Manifesta 8 Biennial of Contemporary Art of Murcia in the production department. Later he participated in the Artistic Mediation courses and also worked as an artistic educator for the Biennale.\u00a0<\/span><\/p><p><span style=\"font-weight: 400;\">\u00a0<\/span><\/p><p><span style=\"font-weight: 400;\">He was interested in continuing with his artistic-educational practice together with other colleagues from the Biennial, he was part of the Medusa Mediaci\u00f3n collective, creating artistic education projects for all types of audiences in various institutions. Medusa Mediaci\u00f3n carried out the project \"Who turns the tortilla around\" which reviews the collection of three provincial museums (Murcia, Le\u00f3n and Lugo) from a gender perspective; this project was subsidized by the Ministry of Culture.\u00a0<\/span><\/p><p><span style=\"font-weight: 400;\">\u00a0<\/span><\/p><p><span style=\"font-weight: 400;\">Rafael then moved to France which allowed him to train as an artistic framer, carrying out conservation work for exhibitions in museums such as the Reina Sof\u00eda Art Center in Madrid and the Tate Britain in London.\u00a0<\/span><\/p><p><span style=\"font-weight: 400;\">\u00a0<\/span><\/p><p><span style=\"font-weight: 400;\"> Currently he resides in London where he combines his work with his personal art projects, holding solo and group exhibitions.\u00a0<\/span><\/p><p><span style=\"font-weight: 400;\">\u00a0Rafael\u00a0<\/span><\/p>\t\t\t\t\t\t\t\t<\/div>\n\t\t\t\t<\/div>\n\t\t\t\t\t<\/div>\n\t\t<\/div>\n\t\t\t\t\t<\/div>\n\t\t<\/section>\n\t\t\t\t<section class=\"elementor-section elementor-top-section elementor-element elementor-element-3fc46f6 elementor-section-boxed elementor-section-height-default elementor-section-height-default\" data-id=\"3fc46f6\" data-element_type=\"section\" data-e-type=\"section\">\n\t\t\t\t\t\t<div class=\"elementor-container elementor-column-gap-default\">\n\t\t\t\t\t<div class=\"elementor-column elementor-col-100 elementor-top-column elementor-element elementor-element-935efb5 container-s\" data-id=\"935efb5\" data-element_type=\"column\" data-e-type=\"column\">\n\t\t\t<div class=\"elementor-widget-wrap elementor-element-populated\">\n\t\t\t\t\t\t<div class=\"elementor-element elementor-element-063d075 title-style elementor-widget elementor-widget-heading\" data-id=\"063d075\" data-element_type=\"widget\" data-e-type=\"widget\" data-widget_type=\"heading.default\">\n\t\t\t\t<div class=\"elementor-widget-container\">\n\t\t\t\t\t<h1 class=\"elementor-heading-title elementor-size-default\">CV<\/h1>\t\t\t\t<\/div>\n\t\t\t\t<\/div>\n\t\t\t\t<div class=\"elementor-element elementor-element-6e80d5f elementor-widget elementor-widget-text-editor\" data-id=\"6e80d5f\" data-element_type=\"widget\" data-e-type=\"widget\" data-widget_type=\"text-editor.default\">\n\t\t\t\t<div class=\"elementor-widget-container\">\n\t\t\t\t\t\t\t\t\t<h4>Solo Exhibitions<\/h4><p>2023 &#8211; <a href=\"https:\/\/rafaelpedrosadorado.com\/en\/colour-motion\/\">Colour Motion<\/a>. Picture House Fulham Road. Londres, Reino Unido.<\/p><p>2023 &#8211; <a href=\"https:\/\/rafaelpedrosadorado.com\/en\/msensaciones-de-ida-y-vuelta\/\">M@ &lt; Sensaciones de ida y vuelta&gt;<\/a>. CEART Madrid, Espa\u00f1a.<\/p><p>2022 &#8211; <a href=\"https:\/\/rafaelpedrosadorado.com\/en\/colindante-verde\/\">Colindante Verde<\/a>. Caf\u00e9 Galeria Ficciones. Murcia, Espa\u00f1a<\/p>\t\t\t\t\t\t\t\t<\/div>\n\t\t\t\t<\/div>\n\t\t\t\t<div class=\"elementor-element elementor-element-343de4a elementor-widget elementor-widget-text-editor\" data-id=\"343de4a\" data-element_type=\"widget\" data-e-type=\"widget\" data-widget_type=\"text-editor.default\">\n\t\t\t\t<div class=\"elementor-widget-container\">\n\t\t\t\t\t\t\t\t\t<h4>Collective exhibitions<\/h4><p>2024<\/p><p>The Entranced Essence. <a href=\"https:\/\/www.rupturexibit.com\/\">RuptureXIBIT<\/a>. Londres, Reino Unido.<\/p><p>2023<\/p><p>Lawless Imagination. RupturExibit Gallery. London, United Kingdom.<\/p><p><a href=\"https:\/\/www.discerningeye.org\/exhibition\">ING Discerning Eye Exhibition<\/a> 2023. Mall Gallery . Londres, Reino Unido.<\/p><p>Auntie-Freeze 7, <a href=\"https:\/\/www.cavepimlico.co.uk\/\">Cave Pimplico<\/a>. Londres, Reino Unido.<\/p><p>2022<\/p><p>Auntie-Freeze 6 , Cave Pimlico. Londres, Reino Unido.<\/p><p>Above and Below, <a href=\"https:\/\/www.artizangallery.co.uk\/\">Artizan Gallery<\/a>. Torquay, Reino Unido.<\/p><p>Colours,<a href=\"http:\/\/stonespace.gallery\/\"> The Stone Space<\/a>. Londres, Reino Unido.<\/p><p>Chelsea Art Fair. London, United Kingdom.<\/p>\t\t\t\t\t\t\t\t<\/div>\n\t\t\t\t<\/div>\n\t\t\t\t\t<\/div>\n\t\t<\/div>\n\t\t\t\t\t<\/div>\n\t\t<\/section>\n\t\t\t\t<\/div>","protected":false},"excerpt":{"rendered":"<p>Biograf\u00eda Nacido en Madrid es licenciado en Bellas Artes por la Universidad Complutense de Madrid. Tuvo la oportunidad de disfrutar de tres becas de traslado de estudios: en Villa Arson, Nice (Francia), en la Universidad de Bellas Artes de Castilla la Mancha de Cuenca y otra beca de formaci\u00f3n pr\u00e1ctica en Padova (Italia) para la [&hellip;]<\/p>\n","protected":false},"author":1,"featured_media":0,"parent":0,"menu_order":0,"comment_status":"closed","ping_status":"closed","template":"","meta":{"footnotes":""},"class_list":["post-46","page","type-page","status-publish","hentry"],"yoast_head":"<!-- This site is optimized with the Yoast SEO plugin v27.2 - https:\/\/yoast.com\/product\/yoast-seo-wordpress\/ -->\n<title>Biografia -<\/title>\n<meta name=\"description\" content=\"Rafael Pedrosa Dorado es un artista contempor\u00e1neo nacido en Madrid, licenciado en Bellas Artes por la Universidad Complutense de Madrid.\" \/>\n<meta name=\"robots\" content=\"index, follow, max-snippet:-1, max-image-preview:large, max-video-preview:-1\" \/>\n<link rel=\"canonical\" href=\"https:\/\/rafaelpedrosadorado.com\/en\/biografia\/\" \/>\n<meta property=\"og:locale\" content=\"en_GB\" \/>\n<meta property=\"og:type\" content=\"article\" \/>\n<meta property=\"og:title\" content=\"Biografia -\" \/>\n<meta property=\"og:description\" content=\"Rafael Pedrosa Dorado es un artista contempor\u00e1neo nacido en Madrid, licenciado en Bellas Artes por la Universidad Complutense de Madrid.\" \/>\n<meta property=\"og:url\" content=\"https:\/\/rafaelpedrosadorado.com\/en\/biografia\/\" \/>\n<meta property=\"article:modified_time\" content=\"2024-05-21T20:04:43+00:00\" \/>\n<meta name=\"twitter:card\" content=\"summary_large_image\" \/>\n<meta name=\"twitter:label1\" content=\"Estimated reading time\" \/>\n\t<meta name=\"twitter:data1\" content=\"2 minutes\" \/>\n<script type=\"application\/ld+json\" class=\"yoast-schema-graph\">{\"@context\":\"https:\/\/schema.org\",\"@graph\":[{\"@type\":\"WebPage\",\"@id\":\"https:\/\/rafaelpedrosadorado.com\/biografia\/\",\"url\":\"https:\/\/rafaelpedrosadorado.com\/biografia\/\",\"name\":\"Biografia -\",\"isPartOf\":{\"@id\":\"https:\/\/rafaelpedrosadorado.com\/#website\"},\"datePublished\":\"2022-11-20T09:00:05+00:00\",\"dateModified\":\"2024-05-21T20:04:43+00:00\",\"description\":\"Rafael Pedrosa Dorado es un artista contempor\u00e1neo nacido en Madrid, licenciado en Bellas Artes por la Universidad Complutense de Madrid.\",\"breadcrumb\":{\"@id\":\"https:\/\/rafaelpedrosadorado.com\/biografia\/#breadcrumb\"},\"inLanguage\":\"en-GB\",\"potentialAction\":[{\"@type\":\"ReadAction\",\"target\":[\"https:\/\/rafaelpedrosadorado.com\/biografia\/\"]}]},{\"@type\":\"BreadcrumbList\",\"@id\":\"https:\/\/rafaelpedrosadorado.com\/biografia\/#breadcrumb\",\"itemListElement\":[{\"@type\":\"ListItem\",\"position\":1,\"name\":\"Portada\",\"item\":\"https:\/\/rafaelpedrosadorado.com\/\"},{\"@type\":\"ListItem\",\"position\":2,\"name\":\"Biografia\"}]},{\"@type\":\"WebSite\",\"@id\":\"https:\/\/rafaelpedrosadorado.com\/#website\",\"url\":\"https:\/\/rafaelpedrosadorado.com\/\",\"name\":\"Rafael Pedrosa Dorado - Artista Contempor\u00e1neo\",\"description\":\"Rafael Pedrosa Dorado es un Artista Contempor\u00e1neo, actualmente reside en Londres donde combina su trabajo con su proyecto personal art\u00edstico realizando exposiciones individuales y colectivas.\",\"publisher\":{\"@id\":\"https:\/\/rafaelpedrosadorado.com\/#\/schema\/person\/7d4133c80c78a165fec9e39c08c28963\"},\"potentialAction\":[{\"@type\":\"SearchAction\",\"target\":{\"@type\":\"EntryPoint\",\"urlTemplate\":\"https:\/\/rafaelpedrosadorado.com\/?s={search_term_string}\"},\"query-input\":{\"@type\":\"PropertyValueSpecification\",\"valueRequired\":true,\"valueName\":\"search_term_string\"}}],\"inLanguage\":\"en-GB\"},{\"@type\":[\"Person\",\"Organization\"],\"@id\":\"https:\/\/rafaelpedrosadorado.com\/#\/schema\/person\/7d4133c80c78a165fec9e39c08c28963\",\"name\":\"Rafael Pedrosa Dorado\",\"image\":{\"@type\":\"ImageObject\",\"inLanguage\":\"en-GB\",\"@id\":\"https:\/\/rafaelpedrosadorado.com\/wp-content\/uploads\/2022\/12\/movil-head-1.jpg\",\"url\":\"https:\/\/rafaelpedrosadorado.com\/wp-content\/uploads\/2022\/12\/movil-head-1.jpg\",\"contentUrl\":\"https:\/\/rafaelpedrosadorado.com\/wp-content\/uploads\/2022\/12\/movil-head-1.jpg\",\"width\":700,\"height\":700,\"caption\":\"Rafael Pedrosa Dorado\"},\"logo\":{\"@id\":\"https:\/\/rafaelpedrosadorado.com\/wp-content\/uploads\/2022\/12\/movil-head-1.jpg\"},\"sameAs\":[\"http:\/\/rafaelpedrosadorado.com\"]}]}<\/script>\n<!-- \/ Yoast SEO plugin. -->","yoast_head_json":{"title":"Biografia -","description":"Rafael Pedrosa Dorado es un artista contempor\u00e1neo nacido en Madrid, licenciado en Bellas Artes por la Universidad Complutense de Madrid.","robots":{"index":"index","follow":"follow","max-snippet":"max-snippet:-1","max-image-preview":"max-image-preview:large","max-video-preview":"max-video-preview:-1"},"canonical":"https:\/\/rafaelpedrosadorado.com\/en\/biografia\/","og_locale":"en_GB","og_type":"article","og_title":"Biografia -","og_description":"Rafael Pedrosa Dorado es un artista contempor\u00e1neo nacido en Madrid, licenciado en Bellas Artes por la Universidad Complutense de Madrid.","og_url":"https:\/\/rafaelpedrosadorado.com\/en\/biografia\/","article_modified_time":"2024-05-21T20:04:43+00:00","twitter_card":"summary_large_image","twitter_misc":{"Estimated reading time":"2 minutes"},"schema":{"@context":"https:\/\/schema.org","@graph":[{"@type":"WebPage","@id":"https:\/\/rafaelpedrosadorado.com\/biografia\/","url":"https:\/\/rafaelpedrosadorado.com\/biografia\/","name":"Biografia -","isPartOf":{"@id":"https:\/\/rafaelpedrosadorado.com\/#website"},"datePublished":"2022-11-20T09:00:05+00:00","dateModified":"2024-05-21T20:04:43+00:00","description":"Rafael Pedrosa Dorado es un artista contempor\u00e1neo nacido en Madrid, licenciado en Bellas Artes por la Universidad Complutense de Madrid.","breadcrumb":{"@id":"https:\/\/rafaelpedrosadorado.com\/biografia\/#breadcrumb"},"inLanguage":"en-GB","potentialAction":[{"@type":"ReadAction","target":["https:\/\/rafaelpedrosadorado.com\/biografia\/"]}]},{"@type":"BreadcrumbList","@id":"https:\/\/rafaelpedrosadorado.com\/biografia\/#breadcrumb","itemListElement":[{"@type":"ListItem","position":1,"name":"Portada","item":"https:\/\/rafaelpedrosadorado.com\/"},{"@type":"ListItem","position":2,"name":"Biografia"}]},{"@type":"WebSite","@id":"https:\/\/rafaelpedrosadorado.com\/#website","url":"https:\/\/rafaelpedrosadorado.com\/","name":"Rafael Pedrosa Dorado - Artista Contempor\u00e1neo","description":"Rafael Pedrosa Dorado es un Artista Contempor\u00e1neo, actualmente reside en Londres donde combina su trabajo con su proyecto personal art\u00edstico realizando exposiciones individuales y colectivas.","publisher":{"@id":"https:\/\/rafaelpedrosadorado.com\/#\/schema\/person\/7d4133c80c78a165fec9e39c08c28963"},"potentialAction":[{"@type":"SearchAction","target":{"@type":"EntryPoint","urlTemplate":"https:\/\/rafaelpedrosadorado.com\/?s={search_term_string}"},"query-input":{"@type":"PropertyValueSpecification","valueRequired":true,"valueName":"search_term_string"}}],"inLanguage":"en-GB"},{"@type":["Person","Organization"],"@id":"https:\/\/rafaelpedrosadorado.com\/#\/schema\/person\/7d4133c80c78a165fec9e39c08c28963","name":"Rafael Pedrosa Dorado","image":{"@type":"ImageObject","inLanguage":"en-GB","@id":"https:\/\/rafaelpedrosadorado.com\/wp-content\/uploads\/2022\/12\/movil-head-1.jpg","url":"https:\/\/rafaelpedrosadorado.com\/wp-content\/uploads\/2022\/12\/movil-head-1.jpg","contentUrl":"https:\/\/rafaelpedrosadorado.com\/wp-content\/uploads\/2022\/12\/movil-head-1.jpg","width":700,"height":700,"caption":"Rafael Pedrosa Dorado"},"logo":{"@id":"https:\/\/rafaelpedrosadorado.com\/wp-content\/uploads\/2022\/12\/movil-head-1.jpg"},"sameAs":["http:\/\/rafaelpedrosadorado.com"]}]}},"jetpack_sharing_enabled":true,"_links":{"self":[{"href":"https:\/\/rafaelpedrosadorado.com\/en\/wp-json\/wp\/v2\/pages\/46","targetHints":{"allow":["GET"]}}],"collection":[{"href":"https:\/\/rafaelpedrosadorado.com\/en\/wp-json\/wp\/v2\/pages"}],"about":[{"href":"https:\/\/rafaelpedrosadorado.com\/en\/wp-json\/wp\/v2\/types\/page"}],"author":[{"embeddable":true,"href":"https:\/\/rafaelpedrosadorado.com\/en\/wp-json\/wp\/v2\/users\/1"}],"replies":[{"embeddable":true,"href":"https:\/\/rafaelpedrosadorado.com\/en\/wp-json\/wp\/v2\/comments?post=46"}],"version-history":[{"count":88,"href":"https:\/\/rafaelpedrosadorado.com\/en\/wp-json\/wp\/v2\/pages\/46\/revisions"}],"predecessor-version":[{"id":2269,"href":"https:\/\/rafaelpedrosadorado.com\/en\/wp-json\/wp\/v2\/pages\/46\/revisions\/2269"}],"wp:attachment":[{"href":"https:\/\/rafaelpedrosadorado.com\/en\/wp-json\/wp\/v2\/media?parent=46"}],"curies":[{"name":"wp","href":"https:\/\/api.w.org\/{rel}","templated":true}]}}