{"id":2316,"date":"2026-03-02T18:52:12","date_gmt":"2026-03-02T18:52:12","guid":{"rendered":"https:\/\/rafaelpedrosadorado.com\/?page_id=2316"},"modified":"2026-04-27T05:21:49","modified_gmt":"2026-04-27T05:21:49","slug":"new-home","status":"publish","type":"page","link":"https:\/\/rafaelpedrosadorado.com\/es\/","title":{"rendered":"Home"},"content":{"rendered":"<div data-elementor-type=\"wp-page\" data-elementor-id=\"2316\" class=\"elementor elementor-2316\">\n\t\t\t\t<div class=\"elementor-element elementor-element-d7e76c1 e-flex e-con-boxed e-con e-parent\" data-id=\"d7e76c1\" data-element_type=\"container\" data-e-type=\"container\" data-settings=\"{&quot;background_background&quot;:&quot;classic&quot;}\">\n\t\t\t\t\t<div class=\"e-con-inner\">\n\t\t<div class=\"elementor-element elementor-element-5cbfb1f e-con-full e-flex e-con e-child\" data-id=\"5cbfb1f\" data-element_type=\"container\" data-e-type=\"container\">\n\t\t<div class=\"elementor-element elementor-element-3c07717 e-con-full left-img fx-animation-scroll fx-grow-left e-flex e-con e-child\" data-id=\"3c07717\" data-element_type=\"container\" data-e-type=\"container\" data-settings=\"{&quot;background_background&quot;:&quot;classic&quot;}\">\n\t\t\t\t<\/div>\n\t\t<div class=\"elementor-element elementor-element-6fbb5c3 e-con-full right-img fx-animation-scroll fx-grow-right elementor-hidden-mobile e-flex e-con e-child\" data-id=\"6fbb5c3\" data-element_type=\"container\" data-e-type=\"container\" data-settings=\"{&quot;background_background&quot;:&quot;classic&quot;}\">\n\t\t\t\t<\/div>\n\t\t\t\t<div class=\"elementor-element elementor-element-48277fa elementor-absolute center-img fx-animation-scroll fx-grow-up fx-delay-2s elementor-widget elementor-widget-image\" data-id=\"48277fa\" data-element_type=\"widget\" data-e-type=\"widget\" data-settings=\"{&quot;_position&quot;:&quot;absolute&quot;}\" data-widget_type=\"image.default\">\n\t\t\t\t<div class=\"elementor-widget-container\">\n\t\t\t\t\t\t\t\t\t\t\t\t\t\t\t<img fetchpriority=\"high\" decoding=\"async\" width=\"1920\" height=\"1080\" src=\"https:\/\/rafaelpedrosadorado.com\/wp-content\/uploads\/2026\/03\/City-Limits-I.jpg\" class=\"attachment-full size-full wp-image-2319\" alt=\"\" srcset=\"https:\/\/rafaelpedrosadorado.com\/wp-content\/uploads\/2026\/03\/City-Limits-I.jpg 1920w, https:\/\/rafaelpedrosadorado.com\/wp-content\/uploads\/2026\/03\/City-Limits-I-300x169.jpg 300w, https:\/\/rafaelpedrosadorado.com\/wp-content\/uploads\/2026\/03\/City-Limits-I-1024x576.jpg 1024w, https:\/\/rafaelpedrosadorado.com\/wp-content\/uploads\/2026\/03\/City-Limits-I-768x432.jpg 768w, https:\/\/rafaelpedrosadorado.com\/wp-content\/uploads\/2026\/03\/City-Limits-I-1536x864.jpg 1536w, https:\/\/rafaelpedrosadorado.com\/wp-content\/uploads\/2026\/03\/City-Limits-I-18x10.jpg 18w\" sizes=\"(max-width: 1920px) 100vw, 1920px\" \/>\t\t\t\t\t\t\t\t\t\t\t\t\t\t\t<\/div>\n\t\t\t\t<\/div>\n\t\t\t\t<div class=\"elementor-element elementor-element-60c324a title-header elementor-hidden-desktop elementor-hidden-laptop elementor-hidden-tablet elementor-widget elementor-widget-heading\" data-id=\"60c324a\" data-element_type=\"widget\" data-e-type=\"widget\" data-widget_type=\"heading.default\">\n\t\t\t\t<div class=\"elementor-widget-container\">\n\t\t\t\t\t<h1 class=\"elementor-heading-title elementor-size-default\">Rafael Pedrosa Dorado<\/h1>\t\t\t\t<\/div>\n\t\t\t\t<\/div>\n\t\t\t\t<\/div>\n\t\t\t\t\t<\/div>\n\t\t\t\t<\/div>\n\t\t\t\t<\/div>","protected":false},"excerpt":{"rendered":"<p>Rafael Pedrosa Dorado<\/p>","protected":false},"author":1,"featured_media":0,"parent":0,"menu_order":0,"comment_status":"closed","ping_status":"closed","template":"","meta":{"footnotes":""},"class_list":["post-2316","page","type-page","status-publish","hentry"],"yoast_head":"<!-- This site is optimized with the Yoast SEO plugin v27.2 - https:\/\/yoast.com\/product\/yoast-seo-wordpress\/ -->\n<title>Home -<\/title>\n<meta name=\"robots\" content=\"index, follow, max-snippet:-1, max-image-preview:large, max-video-preview:-1\" \/>\n<link rel=\"canonical\" href=\"https:\/\/rafaelpedrosadorado.com\/es\/\" \/>\n<meta property=\"og:locale\" content=\"es_ES\" \/>\n<meta property=\"og:type\" content=\"article\" \/>\n<meta property=\"og:title\" content=\"Home -\" \/>\n<meta property=\"og:description\" content=\"Rafael Pedrosa Dorado\" \/>\n<meta property=\"og:url\" content=\"https:\/\/rafaelpedrosadorado.com\/es\/\" \/>\n<meta property=\"article:modified_time\" content=\"2026-04-27T05:21:49+00:00\" \/>\n<meta property=\"og:image\" content=\"https:\/\/rafaelpedrosadorado.com\/wp-content\/uploads\/2026\/03\/City-Limits-I.jpg\" \/>\n\t<meta property=\"og:image:width\" content=\"1920\" \/>\n\t<meta property=\"og:image:height\" content=\"1080\" \/>\n\t<meta property=\"og:image:type\" content=\"image\/jpeg\" \/>\n<meta name=\"twitter:card\" content=\"summary_large_image\" \/>\n<meta name=\"twitter:label1\" content=\"Tiempo de lectura\" \/>\n\t<meta name=\"twitter:data1\" content=\"1 minuto\" \/>\n<script type=\"application\/ld+json\" class=\"yoast-schema-graph\">{\"@context\":\"https:\/\/schema.org\",\"@graph\":[{\"@type\":\"WebPage\",\"@id\":\"https:\/\/rafaelpedrosadorado.com\/\",\"url\":\"https:\/\/rafaelpedrosadorado.com\/\",\"name\":\"Home -\",\"isPartOf\":{\"@id\":\"https:\/\/rafaelpedrosadorado.com\/#website\"},\"primaryImageOfPage\":{\"@id\":\"https:\/\/rafaelpedrosadorado.com\/#primaryimage\"},\"image\":{\"@id\":\"https:\/\/rafaelpedrosadorado.com\/#primaryimage\"},\"thumbnailUrl\":\"https:\/\/rafaelpedrosadorado.com\/wp-content\/uploads\/2026\/03\/City-Limits-I.jpg\",\"datePublished\":\"2026-03-02T18:52:12+00:00\",\"dateModified\":\"2026-04-27T05:21:49+00:00\",\"breadcrumb\":{\"@id\":\"https:\/\/rafaelpedrosadorado.com\/#breadcrumb\"},\"inLanguage\":\"es\",\"potentialAction\":[{\"@type\":\"ReadAction\",\"target\":[\"https:\/\/rafaelpedrosadorado.com\/\"]}]},{\"@type\":\"ImageObject\",\"inLanguage\":\"es\",\"@id\":\"https:\/\/rafaelpedrosadorado.com\/#primaryimage\",\"url\":\"https:\/\/rafaelpedrosadorado.com\/wp-content\/uploads\/2026\/03\/City-Limits-I.jpg\",\"contentUrl\":\"https:\/\/rafaelpedrosadorado.com\/wp-content\/uploads\/2026\/03\/City-Limits-I.jpg\"},{\"@type\":\"BreadcrumbList\",\"@id\":\"https:\/\/rafaelpedrosadorado.com\/#breadcrumb\",\"itemListElement\":[{\"@type\":\"ListItem\",\"position\":1,\"name\":\"Portada\",\"item\":\"https:\/\/rafaelpedrosadorado.com\/\"},{\"@type\":\"ListItem\",\"position\":2,\"name\":\"Home\"}]},{\"@type\":\"WebSite\",\"@id\":\"https:\/\/rafaelpedrosadorado.com\/#website\",\"url\":\"https:\/\/rafaelpedrosadorado.com\/\",\"name\":\"Rafael Pedrosa Dorado - Artista Contempor\u00e1neo\",\"description\":\"Rafael Pedrosa Dorado es un Artista Contempor\u00e1neo, actualmente reside en Londres donde combina su trabajo con su proyecto personal art\u00edstico realizando exposiciones individuales y colectivas.\",\"publisher\":{\"@id\":\"https:\/\/rafaelpedrosadorado.com\/#\/schema\/person\/7d4133c80c78a165fec9e39c08c28963\"},\"potentialAction\":[{\"@type\":\"SearchAction\",\"target\":{\"@type\":\"EntryPoint\",\"urlTemplate\":\"https:\/\/rafaelpedrosadorado.com\/?s={search_term_string}\"},\"query-input\":{\"@type\":\"PropertyValueSpecification\",\"valueRequired\":true,\"valueName\":\"search_term_string\"}}],\"inLanguage\":\"es\"},{\"@type\":[\"Person\",\"Organization\"],\"@id\":\"https:\/\/rafaelpedrosadorado.com\/#\/schema\/person\/7d4133c80c78a165fec9e39c08c28963\",\"name\":\"Rafael Pedrosa Dorado\",\"image\":{\"@type\":\"ImageObject\",\"inLanguage\":\"es\",\"@id\":\"https:\/\/rafaelpedrosadorado.com\/wp-content\/uploads\/2022\/12\/movil-head-1.jpg\",\"url\":\"https:\/\/rafaelpedrosadorado.com\/wp-content\/uploads\/2022\/12\/movil-head-1.jpg\",\"contentUrl\":\"https:\/\/rafaelpedrosadorado.com\/wp-content\/uploads\/2022\/12\/movil-head-1.jpg\",\"width\":700,\"height\":700,\"caption\":\"Rafael Pedrosa Dorado\"},\"logo\":{\"@id\":\"https:\/\/rafaelpedrosadorado.com\/wp-content\/uploads\/2022\/12\/movil-head-1.jpg\"},\"sameAs\":[\"http:\/\/rafaelpedrosadorado.com\"]}]}<\/script>\n<!-- \/ Yoast SEO plugin. -->","yoast_head_json":{"title":"Home -","robots":{"index":"index","follow":"follow","max-snippet":"max-snippet:-1","max-image-preview":"max-image-preview:large","max-video-preview":"max-video-preview:-1"},"canonical":"https:\/\/rafaelpedrosadorado.com\/es\/","og_locale":"es_ES","og_type":"article","og_title":"Home -","og_description":"Rafael Pedrosa Dorado","og_url":"https:\/\/rafaelpedrosadorado.com\/es\/","article_modified_time":"2026-04-27T05:21:49+00:00","og_image":[{"width":1920,"height":1080,"url":"https:\/\/rafaelpedrosadorado.com\/wp-content\/uploads\/2026\/03\/City-Limits-I.jpg","type":"image\/jpeg"}],"twitter_card":"summary_large_image","twitter_misc":{"Tiempo de lectura":"1 minuto"},"schema":{"@context":"https:\/\/schema.org","@graph":[{"@type":"WebPage","@id":"https:\/\/rafaelpedrosadorado.com\/","url":"https:\/\/rafaelpedrosadorado.com\/","name":"Home -","isPartOf":{"@id":"https:\/\/rafaelpedrosadorado.com\/#website"},"primaryImageOfPage":{"@id":"https:\/\/rafaelpedrosadorado.com\/#primaryimage"},"image":{"@id":"https:\/\/rafaelpedrosadorado.com\/#primaryimage"},"thumbnailUrl":"https:\/\/rafaelpedrosadorado.com\/wp-content\/uploads\/2026\/03\/City-Limits-I.jpg","datePublished":"2026-03-02T18:52:12+00:00","dateModified":"2026-04-27T05:21:49+00:00","breadcrumb":{"@id":"https:\/\/rafaelpedrosadorado.com\/#breadcrumb"},"inLanguage":"es","potentialAction":[{"@type":"ReadAction","target":["https:\/\/rafaelpedrosadorado.com\/"]}]},{"@type":"ImageObject","inLanguage":"es","@id":"https:\/\/rafaelpedrosadorado.com\/#primaryimage","url":"https:\/\/rafaelpedrosadorado.com\/wp-content\/uploads\/2026\/03\/City-Limits-I.jpg","contentUrl":"https:\/\/rafaelpedrosadorado.com\/wp-content\/uploads\/2026\/03\/City-Limits-I.jpg"},{"@type":"BreadcrumbList","@id":"https:\/\/rafaelpedrosadorado.com\/#breadcrumb","itemListElement":[{"@type":"ListItem","position":1,"name":"Portada","item":"https:\/\/rafaelpedrosadorado.com\/"},{"@type":"ListItem","position":2,"name":"Home"}]},{"@type":"WebSite","@id":"https:\/\/rafaelpedrosadorado.com\/#website","url":"https:\/\/rafaelpedrosadorado.com\/","name":"Rafael Pedrosa Dorado - Artista Contempor\u00e1neo","description":"Rafael Pedrosa Dorado es un Artista Contempor\u00e1neo, actualmente reside en Londres donde combina su trabajo con su proyecto personal art\u00edstico realizando exposiciones individuales y colectivas.","publisher":{"@id":"https:\/\/rafaelpedrosadorado.com\/#\/schema\/person\/7d4133c80c78a165fec9e39c08c28963"},"potentialAction":[{"@type":"SearchAction","target":{"@type":"EntryPoint","urlTemplate":"https:\/\/rafaelpedrosadorado.com\/?s={search_term_string}"},"query-input":{"@type":"PropertyValueSpecification","valueRequired":true,"valueName":"search_term_string"}}],"inLanguage":"es"},{"@type":["Person","Organization"],"@id":"https:\/\/rafaelpedrosadorado.com\/#\/schema\/person\/7d4133c80c78a165fec9e39c08c28963","name":"Rafael Pedrosa Dorado","image":{"@type":"ImageObject","inLanguage":"es","@id":"https:\/\/rafaelpedrosadorado.com\/wp-content\/uploads\/2022\/12\/movil-head-1.jpg","url":"https:\/\/rafaelpedrosadorado.com\/wp-content\/uploads\/2022\/12\/movil-head-1.jpg","contentUrl":"https:\/\/rafaelpedrosadorado.com\/wp-content\/uploads\/2022\/12\/movil-head-1.jpg","width":700,"height":700,"caption":"Rafael Pedrosa Dorado"},"logo":{"@id":"https:\/\/rafaelpedrosadorado.com\/wp-content\/uploads\/2022\/12\/movil-head-1.jpg"},"sameAs":["http:\/\/rafaelpedrosadorado.com"]}]}},"jetpack_sharing_enabled":true,"_links":{"self":[{"href":"https:\/\/rafaelpedrosadorado.com\/es\/wp-json\/wp\/v2\/pages\/2316","targetHints":{"allow":["GET"]}}],"collection":[{"href":"https:\/\/rafaelpedrosadorado.com\/es\/wp-json\/wp\/v2\/pages"}],"about":[{"href":"https:\/\/rafaelpedrosadorado.com\/es\/wp-json\/wp\/v2\/types\/page"}],"author":[{"embeddable":true,"href":"https:\/\/rafaelpedrosadorado.com\/es\/wp-json\/wp\/v2\/users\/1"}],"replies":[{"embeddable":true,"href":"https:\/\/rafaelpedrosadorado.com\/es\/wp-json\/wp\/v2\/comments?post=2316"}],"version-history":[{"count":65,"href":"https:\/\/rafaelpedrosadorado.com\/es\/wp-json\/wp\/v2\/pages\/2316\/revisions"}],"predecessor-version":[{"id":3164,"href":"https:\/\/rafaelpedrosadorado.com\/es\/wp-json\/wp\/v2\/pages\/2316\/revisions\/3164"}],"wp:attachment":[{"href":"https:\/\/rafaelpedrosadorado.com\/es\/wp-json\/wp\/v2\/media?parent=2316"}],"curies":[{"name":"wp","href":"https:\/\/api.w.org\/{rel}","templated":true}]}}