{"id":2527,"date":"2026-04-21T21:17:07","date_gmt":"2026-04-21T21:17:07","guid":{"rendered":"https:\/\/rafaelpedrosadorado.com\/?page_id=2527"},"modified":"2026-04-26T15:52:25","modified_gmt":"2026-04-26T15:52:25","slug":"work-ii","status":"publish","type":"page","link":"https:\/\/rafaelpedrosadorado.com\/es\/work-ii\/","title":{"rendered":"City Limits"},"content":{"rendered":"<div data-elementor-type=\"wp-page\" data-elementor-id=\"2527\" class=\"elementor elementor-2527\">\n\t\t\t\t<div class=\"elementor-element elementor-element-41d9c08 e-flex e-con-boxed e-con e-parent\" data-id=\"41d9c08\" data-element_type=\"container\" data-e-type=\"container\">\n\t\t\t\t\t<div class=\"e-con-inner\">\n\t\t<div class=\"elementor-element elementor-element-d504252 e-con-full container-m e-flex e-con e-child\" data-id=\"d504252\" data-element_type=\"container\" data-e-type=\"container\">\n\t\t<div class=\"elementor-element elementor-element-d0f5d08 e-con-full e-flex e-con e-child\" data-id=\"d0f5d08\" data-element_type=\"container\" data-e-type=\"container\">\n\t\t\t\t<div class=\"elementor-element elementor-element-7150c13 fx-animation-scroll fx-title-line elementor-widget elementor-widget-heading\" data-id=\"7150c13\" data-element_type=\"widget\" data-e-type=\"widget\" data-widget_type=\"heading.default\">\n\t\t\t\t<div class=\"elementor-widget-container\">\n\t\t\t\t\t<h1 class=\"elementor-heading-title elementor-size-default\">City Limits<\/h1>\t\t\t\t<\/div>\n\t\t\t\t<\/div>\n\t\t\t\t<div class=\"elementor-element elementor-element-214b839 elementor-widget elementor-widget-text-editor\" data-id=\"214b839\" data-element_type=\"widget\" data-e-type=\"widget\" data-widget_type=\"text-editor.default\">\n\t\t\t\t<div class=\"elementor-widget-container\">\n\t\t\t\t\t\t\t\t\t<p>City Limits es una serie en curso que explora las vallas y los l\u00edmites en entornos suburbanos.<\/p>\t\t\t\t\t\t\t\t<\/div>\n\t\t\t\t<\/div>\n\t\t\t\t<div class=\"elementor-element elementor-element-76bc889 elementor-widget elementor-widget-text-editor\" data-id=\"76bc889\" data-element_type=\"widget\" data-e-type=\"widget\" data-widget_type=\"text-editor.default\">\n\t\t\t\t<div class=\"elementor-widget-container\">\n\t\t\t\t\t\t\t\t\t<p>La obra se centra en el proceso creativo, utilizando el frotado, el dibujo y la pintura para revelar impresiones, relieves, l\u00edneas y formas de color.<\/p>\t\t\t\t\t\t\t\t<\/div>\n\t\t\t\t<\/div>\n\t\t\t\t<div class=\"elementor-element elementor-element-8063056 elementor-widget elementor-widget-text-editor\" data-id=\"8063056\" data-element_type=\"widget\" data-e-type=\"widget\" data-widget_type=\"text-editor.default\">\n\t\t\t\t<div class=\"elementor-widget-container\">\n\t\t\t\t\t\t\t\t\t<p>Diferentes tipos de marcas se transfieren, superponen y reelaboran , creando estructuras sutiles y cambiantes en la superficie.<\/p>\t\t\t\t\t\t\t\t<\/div>\n\t\t\t\t<\/div>\n\t\t\t\t<div class=\"elementor-element elementor-element-7c7c61d elementor-widget elementor-widget-text-editor\" data-id=\"7c7c61d\" data-element_type=\"widget\" data-e-type=\"widget\" data-widget_type=\"text-editor.default\">\n\t\t\t\t<div class=\"elementor-widget-container\">\n\t\t\t\t\t\t\t\t\t<p>Mediante la repetici\u00f3n y la superposici\u00f3n, los l\u00edmites aparecen como condiciones fluidas y porosas en mi obra.<\/p>\t\t\t\t\t\t\t\t<\/div>\n\t\t\t\t<\/div>\n\t\t\t\t<\/div>\n\t\t<div class=\"elementor-element elementor-element-54af31b e-con-full e-flex e-con e-child\" data-id=\"54af31b\" data-element_type=\"container\" data-e-type=\"container\">\n\t\t\t\t<div class=\"elementor-element elementor-element-d7661a0 elementor-widget elementor-widget-image\" data-id=\"d7661a0\" data-element_type=\"widget\" data-e-type=\"widget\" data-widget_type=\"image.default\">\n\t\t\t\t<div class=\"elementor-widget-container\">\n\t\t\t\t\t\t\t\t\t\t\t\t\t\t\t<img fetchpriority=\"high\" decoding=\"async\" width=\"1068\" height=\"720\" src=\"https:\/\/rafaelpedrosadorado.com\/wp-content\/uploads\/2026\/04\/City-limits-I-web.jpg\" class=\"attachment-full size-full wp-image-2502\" alt=\"\" srcset=\"https:\/\/rafaelpedrosadorado.com\/wp-content\/uploads\/2026\/04\/City-limits-I-web.jpg 1068w, https:\/\/rafaelpedrosadorado.com\/wp-content\/uploads\/2026\/04\/City-limits-I-web-300x202.jpg 300w, https:\/\/rafaelpedrosadorado.com\/wp-content\/uploads\/2026\/04\/City-limits-I-web-1024x690.jpg 1024w, https:\/\/rafaelpedrosadorado.com\/wp-content\/uploads\/2026\/04\/City-limits-I-web-768x518.jpg 768w, https:\/\/rafaelpedrosadorado.com\/wp-content\/uploads\/2026\/04\/City-limits-I-web-18x12.jpg 18w\" sizes=\"(max-width: 1068px) 100vw, 1068px\" \/>\t\t\t\t\t\t\t\t\t\t\t\t\t\t\t<\/div>\n\t\t\t\t<\/div>\n\t\t\t\t<div class=\"elementor-element elementor-element-98d5e79 elementor-widget elementor-widget-heading\" data-id=\"98d5e79\" data-element_type=\"widget\" data-e-type=\"widget\" data-widget_type=\"heading.default\">\n\t\t\t\t<div class=\"elementor-widget-container\">\n\t\t\t\t\t<h4 class=\"elementor-heading-title elementor-size-default\">City Limits I \nAcrylic,  graphite and embossing on canvas, 120 x 160 cm. 2026<\/h4>\t\t\t\t<\/div>\n\t\t\t\t<\/div>\n\t\t\t\t<\/div>\n\t\t\t\t<\/div>\n\t\t<div class=\"elementor-element elementor-element-23bf231 e-con-full container-m e-flex e-con e-child\" data-id=\"23bf231\" data-element_type=\"container\" data-e-type=\"container\">\n\t\t<div class=\"elementor-element elementor-element-5e507bc e-con-full e-flex e-con e-child\" data-id=\"5e507bc\" data-element_type=\"container\" data-e-type=\"container\">\n\t\t\t\t<div class=\"elementor-element elementor-element-f0b67d5 elementor-widget elementor-widget-image\" data-id=\"f0b67d5\" data-element_type=\"widget\" data-e-type=\"widget\" data-widget_type=\"image.default\">\n\t\t\t\t<div class=\"elementor-widget-container\">\n\t\t\t\t\t\t\t\t\t\t\t\t\t\t\t<img decoding=\"async\" width=\"1920\" height=\"1080\" src=\"https:\/\/rafaelpedrosadorado.com\/wp-content\/uploads\/2026\/04\/City-Limits-II.jpg\" class=\"attachment-full size-full wp-image-2503\" alt=\"\" srcset=\"https:\/\/rafaelpedrosadorado.com\/wp-content\/uploads\/2026\/04\/City-Limits-II.jpg 1920w, https:\/\/rafaelpedrosadorado.com\/wp-content\/uploads\/2026\/04\/City-Limits-II-300x169.jpg 300w, https:\/\/rafaelpedrosadorado.com\/wp-content\/uploads\/2026\/04\/City-Limits-II-1024x576.jpg 1024w, https:\/\/rafaelpedrosadorado.com\/wp-content\/uploads\/2026\/04\/City-Limits-II-768x432.jpg 768w, https:\/\/rafaelpedrosadorado.com\/wp-content\/uploads\/2026\/04\/City-Limits-II-1536x864.jpg 1536w, https:\/\/rafaelpedrosadorado.com\/wp-content\/uploads\/2026\/04\/City-Limits-II-18x10.jpg 18w\" sizes=\"(max-width: 1920px) 100vw, 1920px\" \/>\t\t\t\t\t\t\t\t\t\t\t\t\t\t\t<\/div>\n\t\t\t\t<\/div>\n\t\t\t\t<div class=\"elementor-element elementor-element-28420ba elementor-widget elementor-widget-heading\" data-id=\"28420ba\" data-element_type=\"widget\" data-e-type=\"widget\" data-widget_type=\"heading.default\">\n\t\t\t\t<div class=\"elementor-widget-container\">\n\t\t\t\t\t<h4 class=\"elementor-heading-title elementor-size-default\">City Limits II.\nAcrylic,  graphite and embossing on canvas, 90 x 160 cm. 2026<\/h4>\t\t\t\t<\/div>\n\t\t\t\t<\/div>\n\t\t\t\t<\/div>\n\t\t<div class=\"elementor-element elementor-element-84a1558 e-con-full e-flex e-con e-child\" data-id=\"84a1558\" data-element_type=\"container\" data-e-type=\"container\">\n\t\t<div class=\"elementor-element elementor-element-3489a11 e-con-full e-flex e-con e-child\" data-id=\"3489a11\" data-element_type=\"container\" data-e-type=\"container\" data-settings=\"{&quot;background_background&quot;:&quot;classic&quot;}\">\n\t\t\t\t<\/div>\n\t\t\t\t<div class=\"elementor-element elementor-element-03a1f80 elementor-widget elementor-widget-heading\" data-id=\"03a1f80\" data-element_type=\"widget\" data-e-type=\"widget\" data-widget_type=\"heading.default\">\n\t\t\t\t<div class=\"elementor-widget-container\">\n\t\t\t\t\t<h4 class=\"elementor-heading-title elementor-size-default\">Work in progress. 2026<\/h4>\t\t\t\t<\/div>\n\t\t\t\t<\/div>\n\t\t\t\t<\/div>\n\t\t\t\t<\/div>\n\t\t\t\t\t<\/div>\n\t\t\t\t<\/div>\n\t\t\t\t<\/div>","protected":false},"excerpt":{"rendered":"<p>City Limits City Limits is an ongoing series that explores fences and boundaries in suburban environments. The work focuses on the creative process, using rubbing, drawing, and painting to reveal impressions, reliefs, lines, and colored forms. Different types of marks are transferred, layered, and reworked, creating shifting and subtle structures on the surface. Through repetition [&hellip;]<\/p>\n","protected":false},"author":1,"featured_media":0,"parent":0,"menu_order":0,"comment_status":"closed","ping_status":"closed","template":"","meta":{"footnotes":""},"class_list":["post-2527","page","type-page","status-publish","hentry"],"yoast_head":"<!-- This site is optimized with the Yoast SEO plugin v27.2 - https:\/\/yoast.com\/product\/yoast-seo-wordpress\/ -->\n<title>City Limits -<\/title>\n<meta name=\"robots\" content=\"index, follow, max-snippet:-1, max-image-preview:large, max-video-preview:-1\" \/>\n<link rel=\"canonical\" href=\"https:\/\/rafaelpedrosadorado.com\/es\/work-ii\/\" \/>\n<meta property=\"og:locale\" content=\"es_ES\" \/>\n<meta property=\"og:type\" content=\"article\" \/>\n<meta property=\"og:title\" content=\"City Limits -\" \/>\n<meta property=\"og:description\" content=\"City Limits City Limits is an ongoing series that explores fences and boundaries in suburban environments. The work focuses on the creative process, using rubbing, drawing, and painting to reveal impressions, reliefs, lines, and colored forms. Different types of marks are transferred, layered, and reworked, creating shifting and subtle structures on the surface. Through repetition [&hellip;]\" \/>\n<meta property=\"og:url\" content=\"https:\/\/rafaelpedrosadorado.com\/es\/work-ii\/\" \/>\n<meta property=\"article:modified_time\" content=\"2026-04-26T15:52:25+00:00\" \/>\n<meta property=\"og:image\" content=\"https:\/\/rafaelpedrosadorado.com\/wp-content\/uploads\/2026\/04\/City-limits-I-web.jpg\" \/>\n<meta name=\"twitter:card\" content=\"summary_large_image\" \/>\n<meta name=\"twitter:label1\" content=\"Tiempo de lectura\" \/>\n\t<meta name=\"twitter:data1\" content=\"1 minuto\" \/>\n<script type=\"application\/ld+json\" class=\"yoast-schema-graph\">{\"@context\":\"https:\/\/schema.org\",\"@graph\":[{\"@type\":\"WebPage\",\"@id\":\"https:\/\/rafaelpedrosadorado.com\/work-ii\/\",\"url\":\"https:\/\/rafaelpedrosadorado.com\/work-ii\/\",\"name\":\"City Limits -\",\"isPartOf\":{\"@id\":\"https:\/\/rafaelpedrosadorado.com\/#website\"},\"primaryImageOfPage\":{\"@id\":\"https:\/\/rafaelpedrosadorado.com\/work-ii\/#primaryimage\"},\"image\":{\"@id\":\"https:\/\/rafaelpedrosadorado.com\/work-ii\/#primaryimage\"},\"thumbnailUrl\":\"https:\/\/rafaelpedrosadorado.com\/wp-content\/uploads\/2026\/04\/City-limits-I-web.jpg\",\"datePublished\":\"2026-04-21T21:17:07+00:00\",\"dateModified\":\"2026-04-26T15:52:25+00:00\",\"breadcrumb\":{\"@id\":\"https:\/\/rafaelpedrosadorado.com\/work-ii\/#breadcrumb\"},\"inLanguage\":\"es\",\"potentialAction\":[{\"@type\":\"ReadAction\",\"target\":[\"https:\/\/rafaelpedrosadorado.com\/work-ii\/\"]}]},{\"@type\":\"ImageObject\",\"inLanguage\":\"es\",\"@id\":\"https:\/\/rafaelpedrosadorado.com\/work-ii\/#primaryimage\",\"url\":\"https:\/\/rafaelpedrosadorado.com\/wp-content\/uploads\/2026\/04\/City-limits-I-web.jpg\",\"contentUrl\":\"https:\/\/rafaelpedrosadorado.com\/wp-content\/uploads\/2026\/04\/City-limits-I-web.jpg\"},{\"@type\":\"BreadcrumbList\",\"@id\":\"https:\/\/rafaelpedrosadorado.com\/work-ii\/#breadcrumb\",\"itemListElement\":[{\"@type\":\"ListItem\",\"position\":1,\"name\":\"Portada\",\"item\":\"https:\/\/rafaelpedrosadorado.com\/\"},{\"@type\":\"ListItem\",\"position\":2,\"name\":\"City Limits\"}]},{\"@type\":\"WebSite\",\"@id\":\"https:\/\/rafaelpedrosadorado.com\/#website\",\"url\":\"https:\/\/rafaelpedrosadorado.com\/\",\"name\":\"Rafael Pedrosa Dorado - Artista Contempor\u00e1neo\",\"description\":\"Rafael Pedrosa Dorado es un Artista Contempor\u00e1neo, actualmente reside en Londres donde combina su trabajo con su proyecto personal art\u00edstico realizando exposiciones individuales y colectivas.\",\"publisher\":{\"@id\":\"https:\/\/rafaelpedrosadorado.com\/#\/schema\/person\/7d4133c80c78a165fec9e39c08c28963\"},\"potentialAction\":[{\"@type\":\"SearchAction\",\"target\":{\"@type\":\"EntryPoint\",\"urlTemplate\":\"https:\/\/rafaelpedrosadorado.com\/?s={search_term_string}\"},\"query-input\":{\"@type\":\"PropertyValueSpecification\",\"valueRequired\":true,\"valueName\":\"search_term_string\"}}],\"inLanguage\":\"es\"},{\"@type\":[\"Person\",\"Organization\"],\"@id\":\"https:\/\/rafaelpedrosadorado.com\/#\/schema\/person\/7d4133c80c78a165fec9e39c08c28963\",\"name\":\"Rafael Pedrosa Dorado\",\"image\":{\"@type\":\"ImageObject\",\"inLanguage\":\"es\",\"@id\":\"https:\/\/rafaelpedrosadorado.com\/wp-content\/uploads\/2022\/12\/movil-head-1.jpg\",\"url\":\"https:\/\/rafaelpedrosadorado.com\/wp-content\/uploads\/2022\/12\/movil-head-1.jpg\",\"contentUrl\":\"https:\/\/rafaelpedrosadorado.com\/wp-content\/uploads\/2022\/12\/movil-head-1.jpg\",\"width\":700,\"height\":700,\"caption\":\"Rafael Pedrosa Dorado\"},\"logo\":{\"@id\":\"https:\/\/rafaelpedrosadorado.com\/wp-content\/uploads\/2022\/12\/movil-head-1.jpg\"},\"sameAs\":[\"http:\/\/rafaelpedrosadorado.com\"]}]}<\/script>\n<!-- \/ Yoast SEO plugin. -->","yoast_head_json":{"title":"City Limits -","robots":{"index":"index","follow":"follow","max-snippet":"max-snippet:-1","max-image-preview":"max-image-preview:large","max-video-preview":"max-video-preview:-1"},"canonical":"https:\/\/rafaelpedrosadorado.com\/es\/work-ii\/","og_locale":"es_ES","og_type":"article","og_title":"City Limits -","og_description":"City Limits City Limits is an ongoing series that explores fences and boundaries in suburban environments. The work focuses on the creative process, using rubbing, drawing, and painting to reveal impressions, reliefs, lines, and colored forms. Different types of marks are transferred, layered, and reworked, creating shifting and subtle structures on the surface. Through repetition [&hellip;]","og_url":"https:\/\/rafaelpedrosadorado.com\/es\/work-ii\/","article_modified_time":"2026-04-26T15:52:25+00:00","og_image":[{"url":"https:\/\/rafaelpedrosadorado.com\/wp-content\/uploads\/2026\/04\/City-limits-I-web.jpg","type":"","width":"","height":""}],"twitter_card":"summary_large_image","twitter_misc":{"Tiempo de lectura":"1 minuto"},"schema":{"@context":"https:\/\/schema.org","@graph":[{"@type":"WebPage","@id":"https:\/\/rafaelpedrosadorado.com\/work-ii\/","url":"https:\/\/rafaelpedrosadorado.com\/work-ii\/","name":"City Limits -","isPartOf":{"@id":"https:\/\/rafaelpedrosadorado.com\/#website"},"primaryImageOfPage":{"@id":"https:\/\/rafaelpedrosadorado.com\/work-ii\/#primaryimage"},"image":{"@id":"https:\/\/rafaelpedrosadorado.com\/work-ii\/#primaryimage"},"thumbnailUrl":"https:\/\/rafaelpedrosadorado.com\/wp-content\/uploads\/2026\/04\/City-limits-I-web.jpg","datePublished":"2026-04-21T21:17:07+00:00","dateModified":"2026-04-26T15:52:25+00:00","breadcrumb":{"@id":"https:\/\/rafaelpedrosadorado.com\/work-ii\/#breadcrumb"},"inLanguage":"es","potentialAction":[{"@type":"ReadAction","target":["https:\/\/rafaelpedrosadorado.com\/work-ii\/"]}]},{"@type":"ImageObject","inLanguage":"es","@id":"https:\/\/rafaelpedrosadorado.com\/work-ii\/#primaryimage","url":"https:\/\/rafaelpedrosadorado.com\/wp-content\/uploads\/2026\/04\/City-limits-I-web.jpg","contentUrl":"https:\/\/rafaelpedrosadorado.com\/wp-content\/uploads\/2026\/04\/City-limits-I-web.jpg"},{"@type":"BreadcrumbList","@id":"https:\/\/rafaelpedrosadorado.com\/work-ii\/#breadcrumb","itemListElement":[{"@type":"ListItem","position":1,"name":"Portada","item":"https:\/\/rafaelpedrosadorado.com\/"},{"@type":"ListItem","position":2,"name":"City Limits"}]},{"@type":"WebSite","@id":"https:\/\/rafaelpedrosadorado.com\/#website","url":"https:\/\/rafaelpedrosadorado.com\/","name":"Rafael Pedrosa Dorado - Artista Contempor\u00e1neo","description":"Rafael Pedrosa Dorado es un Artista Contempor\u00e1neo, actualmente reside en Londres donde combina su trabajo con su proyecto personal art\u00edstico realizando exposiciones individuales y colectivas.","publisher":{"@id":"https:\/\/rafaelpedrosadorado.com\/#\/schema\/person\/7d4133c80c78a165fec9e39c08c28963"},"potentialAction":[{"@type":"SearchAction","target":{"@type":"EntryPoint","urlTemplate":"https:\/\/rafaelpedrosadorado.com\/?s={search_term_string}"},"query-input":{"@type":"PropertyValueSpecification","valueRequired":true,"valueName":"search_term_string"}}],"inLanguage":"es"},{"@type":["Person","Organization"],"@id":"https:\/\/rafaelpedrosadorado.com\/#\/schema\/person\/7d4133c80c78a165fec9e39c08c28963","name":"Rafael Pedrosa Dorado","image":{"@type":"ImageObject","inLanguage":"es","@id":"https:\/\/rafaelpedrosadorado.com\/wp-content\/uploads\/2022\/12\/movil-head-1.jpg","url":"https:\/\/rafaelpedrosadorado.com\/wp-content\/uploads\/2022\/12\/movil-head-1.jpg","contentUrl":"https:\/\/rafaelpedrosadorado.com\/wp-content\/uploads\/2022\/12\/movil-head-1.jpg","width":700,"height":700,"caption":"Rafael Pedrosa Dorado"},"logo":{"@id":"https:\/\/rafaelpedrosadorado.com\/wp-content\/uploads\/2022\/12\/movil-head-1.jpg"},"sameAs":["http:\/\/rafaelpedrosadorado.com"]}]}},"jetpack_sharing_enabled":true,"_links":{"self":[{"href":"https:\/\/rafaelpedrosadorado.com\/es\/wp-json\/wp\/v2\/pages\/2527","targetHints":{"allow":["GET"]}}],"collection":[{"href":"https:\/\/rafaelpedrosadorado.com\/es\/wp-json\/wp\/v2\/pages"}],"about":[{"href":"https:\/\/rafaelpedrosadorado.com\/es\/wp-json\/wp\/v2\/types\/page"}],"author":[{"embeddable":true,"href":"https:\/\/rafaelpedrosadorado.com\/es\/wp-json\/wp\/v2\/users\/1"}],"replies":[{"embeddable":true,"href":"https:\/\/rafaelpedrosadorado.com\/es\/wp-json\/wp\/v2\/comments?post=2527"}],"version-history":[{"count":41,"href":"https:\/\/rafaelpedrosadorado.com\/es\/wp-json\/wp\/v2\/pages\/2527\/revisions"}],"predecessor-version":[{"id":3114,"href":"https:\/\/rafaelpedrosadorado.com\/es\/wp-json\/wp\/v2\/pages\/2527\/revisions\/3114"}],"wp:attachment":[{"href":"https:\/\/rafaelpedrosadorado.com\/es\/wp-json\/wp\/v2\/media?parent=2527"}],"curies":[{"name":"wp","href":"https:\/\/api.w.org\/{rel}","templated":true}]}}