{"id":2750,"date":"2026-04-25T15:47:54","date_gmt":"2026-04-25T15:47:54","guid":{"rendered":"https:\/\/rafaelpedrosadorado.com\/?page_id=2750"},"modified":"2026-04-26T10:17:18","modified_gmt":"2026-04-26T10:17:18","slug":"contact-new","status":"publish","type":"page","link":"https:\/\/rafaelpedrosadorado.com\/es\/contact-new\/","title":{"rendered":"Contacto"},"content":{"rendered":"<div data-elementor-type=\"wp-page\" data-elementor-id=\"2750\" class=\"elementor elementor-2750\">\n\t\t\t\t\t\t<section class=\"elementor-section elementor-top-section elementor-element elementor-element-426f0ce elementor-section-full_width elementor-section-height-min-height elementor-section-items-bottom elementor-section-content-middle elementor-section-height-default\" data-id=\"426f0ce\" data-element_type=\"section\" data-e-type=\"section\" data-settings=\"{&quot;background_background&quot;:&quot;classic&quot;}\">\n\t\t\t\t\t\t<div class=\"elementor-container elementor-column-gap-default\">\n\t\t\t\t\t<div class=\"elementor-column elementor-col-100 elementor-top-column elementor-element elementor-element-499c231\" data-id=\"499c231\" data-element_type=\"column\" data-e-type=\"column\">\n\t\t\t<div class=\"elementor-widget-wrap elementor-element-populated\">\n\t\t\t\t\t\t\t<\/div>\n\t\t<\/div>\n\t\t\t\t\t<\/div>\n\t\t<\/section>\n\t\t\t\t<section class=\"elementor-section elementor-top-section elementor-element elementor-element-c6a269d elementor-section-boxed elementor-section-height-default elementor-section-height-default\" data-id=\"c6a269d\" data-element_type=\"section\" data-e-type=\"section\">\n\t\t\t\t\t\t<div class=\"elementor-container elementor-column-gap-default\">\n\t\t\t\t\t<div class=\"elementor-column elementor-col-100 elementor-top-column elementor-element elementor-element-e34f49f container-s\" data-id=\"e34f49f\" data-element_type=\"column\" data-e-type=\"column\">\n\t\t\t<div class=\"elementor-widget-wrap elementor-element-populated\">\n\t\t\t\t\t\t<div class=\"elementor-element elementor-element-4d32839 title-style elementor-widget elementor-widget-heading\" data-id=\"4d32839\" data-element_type=\"widget\" data-e-type=\"widget\" data-widget_type=\"heading.default\">\n\t\t\t\t<div class=\"elementor-widget-container\">\n\t\t\t\t\t<h2 class=\"elementor-heading-title elementor-size-default\">Contacto<\/h2>\t\t\t\t<\/div>\n\t\t\t\t<\/div>\n\t\t\t\t<div class=\"elementor-element elementor-element-4075ea9 elementor-widget elementor-widget-text-editor\" data-id=\"4075ea9\" data-element_type=\"widget\" data-e-type=\"widget\" data-widget_type=\"text-editor.default\">\n\t\t\t\t<div class=\"elementor-widget-container\">\n\t\t\t\t\t\t\t\t\t<p>Muchas gracias por visitar esta p\u00e1gina.<\/p><p>No dudes en ponerte en contacto con nosotros para cualquier consulta por correo electr\u00f3nico, Instagram o Facebook.<\/p>\t\t\t\t\t\t\t\t<\/div>\n\t\t\t\t<\/div>\n\t\t\t\t<section class=\"elementor-section elementor-inner-section elementor-element elementor-element-2cd50e8 elementor-section-boxed elementor-section-height-default elementor-section-height-default\" data-id=\"2cd50e8\" data-element_type=\"section\" data-e-type=\"section\">\n\t\t\t\t\t\t<div class=\"elementor-container elementor-column-gap-default\">\n\t\t\t\t\t<div class=\"elementor-column elementor-col-50 elementor-inner-column elementor-element elementor-element-4286dcb\" data-id=\"4286dcb\" data-element_type=\"column\" data-e-type=\"column\">\n\t\t\t<div class=\"elementor-widget-wrap elementor-element-populated\">\n\t\t\t\t\t\t<div class=\"elementor-element elementor-element-33be05d elementor-widget elementor-widget-image\" data-id=\"33be05d\" data-element_type=\"widget\" data-e-type=\"widget\" data-widget_type=\"image.default\">\n\t\t\t\t<div class=\"elementor-widget-container\">\n\t\t\t\t\t\t\t\t\t\t\t\t\t\t\t\t<a href=\"https:\/\/www.instagram.com\/rafaelpedrosadorado\/?hl=en\">\n\t\t\t\t\t\t\t<img decoding=\"async\" src=\"https:\/\/rafaelpedrosadorado.com\/wp-content\/uploads\/elementor\/thumbs\/Instagram_logo_2016.svg-qe3p5bnpa8phmzfau8ofain9pu7x9r3nvs1pbtklv0.webp\" title=\"Instagram_logo_2016.svg\" alt=\"Instagram_logo_2016.svg\" loading=\"lazy\" \/>\t\t\t\t\t\t\t\t<\/a>\n\t\t\t\t\t\t\t\t\t\t\t\t\t\t\t<\/div>\n\t\t\t\t<\/div>\n\t\t\t\t<div class=\"elementor-element elementor-element-92830b4 elementor-widget elementor-widget-text-editor\" data-id=\"92830b4\" data-element_type=\"widget\" data-e-type=\"widget\" data-widget_type=\"text-editor.default\">\n\t\t\t\t<div class=\"elementor-widget-container\">\n\t\t\t\t\t\t\t\t\t<p>@rafaelpedrosadorado<\/p>\t\t\t\t\t\t\t\t<\/div>\n\t\t\t\t<\/div>\n\t\t\t\t\t<\/div>\n\t\t<\/div>\n\t\t\t\t<div class=\"elementor-column elementor-col-50 elementor-inner-column elementor-element elementor-element-057e60f\" data-id=\"057e60f\" data-element_type=\"column\" data-e-type=\"column\">\n\t\t\t<div class=\"elementor-widget-wrap elementor-element-populated\">\n\t\t\t\t\t\t<div class=\"elementor-element elementor-element-198974d elementor-widget elementor-widget-image\" data-id=\"198974d\" data-element_type=\"widget\" data-e-type=\"widget\" data-widget_type=\"image.default\">\n\t\t\t\t<div class=\"elementor-widget-container\">\n\t\t\t\t\t\t\t\t\t\t\t\t\t\t\t\t<a href=\"https:\/\/www.facebook.com\/RafaelPedrosaDorado\/\">\n\t\t\t\t\t\t\t<img decoding=\"async\" src=\"https:\/\/rafaelpedrosadorado.com\/wp-content\/uploads\/elementor\/thumbs\/Facebook_icon.svg-qe3p56yic2j20xm4lonag1tyqwv379l074s9xfrkq4.png\" title=\"Facebook_icon.svg\" alt=\"Facebook_icon.svg\" loading=\"lazy\" \/>\t\t\t\t\t\t\t\t<\/a>\n\t\t\t\t\t\t\t\t\t\t\t\t\t\t\t<\/div>\n\t\t\t\t<\/div>\n\t\t\t\t<div class=\"elementor-element elementor-element-b0663b3 elementor-widget elementor-widget-text-editor\" data-id=\"b0663b3\" data-element_type=\"widget\" data-e-type=\"widget\" data-widget_type=\"text-editor.default\">\n\t\t\t\t<div class=\"elementor-widget-container\">\n\t\t\t\t\t\t\t\t\t<p>rafaelpedrosadorado<\/p>\t\t\t\t\t\t\t\t<\/div>\n\t\t\t\t<\/div>\n\t\t\t\t\t<\/div>\n\t\t<\/div>\n\t\t\t\t\t<\/div>\n\t\t<\/section>\n\t\t\t\t\t<\/div>\n\t\t<\/div>\n\t\t\t\t\t<\/div>\n\t\t<\/section>\n\t\t\t\t<section class=\"elementor-section elementor-top-section elementor-element elementor-element-52c9419 elementor-section-boxed elementor-section-height-default elementor-section-height-default\" data-id=\"52c9419\" data-element_type=\"section\" data-e-type=\"section\">\n\t\t\t\t\t\t<div class=\"elementor-container elementor-column-gap-default\">\n\t\t\t\t\t<div class=\"elementor-column elementor-col-100 elementor-top-column elementor-element elementor-element-7291480 container-s\" data-id=\"7291480\" data-element_type=\"column\" data-e-type=\"column\">\n\t\t\t<div class=\"elementor-widget-wrap elementor-element-populated\">\n\t\t\t\t\t\t<div class=\"elementor-element elementor-element-a315ad0 elementor-widget elementor-widget-shortcode\" data-id=\"a315ad0\" data-element_type=\"widget\" data-e-type=\"widget\" data-widget_type=\"shortcode.default\">\n\t\t\t\t<div class=\"elementor-widget-container\">\n\t\t\t\t\t\t\t<div class=\"elementor-shortcode\">\n<div class=\"wpcf7 no-js\" id=\"wpcf7-f1451-o1\" lang=\"es-ES\" dir=\"ltr\" data-wpcf7-id=\"1451\">\n<div class=\"screen-reader-response\"><p role=\"status\" aria-live=\"polite\" aria-atomic=\"true\"><\/p> <ul><\/ul><\/div>\n<form action=\"\/es\/wp-json\/wp\/v2\/pages\/2750#wpcf7-f1451-o1\" method=\"post\" class=\"wpcf7-form init\" aria-label=\"Formulario de contacto\" novalidate=\"novalidate\" data-status=\"init\" data-trp-original-action=\"\/es\/wp-json\/wp\/v2\/pages\/2750#wpcf7-f1451-o1\">\n<fieldset class=\"hidden-fields-container\"><input type=\"hidden\" name=\"_wpcf7\" value=\"1451\" \/><input type=\"hidden\" name=\"_wpcf7_version\" value=\"6.1.5\" \/><input type=\"hidden\" name=\"_wpcf7_locale\" value=\"es_ES\" \/><input type=\"hidden\" name=\"_wpcf7_unit_tag\" value=\"wpcf7-f1451-o1\" \/><input type=\"hidden\" name=\"_wpcf7_container_post\" value=\"0\" \/><input type=\"hidden\" name=\"_wpcf7_posted_data_hash\" value=\"\" \/><input type=\"hidden\" name=\"_wpcf7_recaptcha_response\" value=\"\" \/>\n<\/fieldset>\n<div>\n\t<div>\n\t\t<p><label for=\"name\">Nombre*<\/label><span class=\"wpcf7-form-control-wrap\" data-name=\"name\"><input size=\"40\" maxlength=\"400\" class=\"wpcf7-form-control wpcf7-text wpcf7-validates-as-required\" aria-required=\"true\" aria-invalid=\"false\" value=\"\" type=\"text\" name=\"name\" \/><\/span>\n\t\t<\/p>\n\t<\/div>\n\t<div>\n\t\t<p><label for=\"email\">Email*<\/label><span class=\"wpcf7-form-control-wrap\" data-name=\"email\"><input size=\"40\" maxlength=\"400\" class=\"wpcf7-form-control wpcf7-email wpcf7-validates-as-required wpcf7-text wpcf7-validates-as-email\" aria-required=\"true\" aria-invalid=\"false\" value=\"\" type=\"email\" name=\"email\" \/><\/span>\n\t\t<\/p>\n\t<\/div>\n<\/div>\n<div>\n\t<div>\n\t\t<p><label for=\"subject\">Asunto*<\/label><span class=\"wpcf7-form-control-wrap\" data-name=\"subject\"><input size=\"40\" maxlength=\"400\" class=\"wpcf7-form-control wpcf7-text wpcf7-validates-as-required\" aria-required=\"true\" aria-invalid=\"false\" value=\"\" type=\"text\" name=\"subject\" \/><\/span>\n\t\t<\/p>\n\t<\/div>\n\t<div>\n\t\t<p><label for=\"message\">Mensaje*<\/label><span class=\"wpcf7-form-control-wrap\" data-name=\"message\"><textarea cols=\"40\" rows=\"10\" maxlength=\"2000\" class=\"wpcf7-form-control wpcf7-textarea wpcf7-validates-as-required\" aria-required=\"true\" aria-invalid=\"false\" name=\"message\"><\/textarea><\/span>\n\t\t<\/p>\n\t<\/div>\n<\/div>\n<div>\n\t<div>\n\t\t<p><input class=\"wpcf7-form-control wpcf7-submit has-spinner\" type=\"submit\" value=\"Enviar\" \/>\n\t\t<\/p>\n\t<\/div>\n<\/div><p style=\"display: none !important;\" class=\"akismet-fields-container\" data-prefix=\"_wpcf7_ak_\"><label>&#916;<textarea name=\"_wpcf7_ak_hp_textarea\" cols=\"45\" rows=\"8\" maxlength=\"100\"><\/textarea><\/label><input type=\"hidden\" id=\"ak_js_1\" name=\"_wpcf7_ak_js\" value=\"135\"\/><script>document.getElementById( \"ak_js_1\" ).setAttribute( \"value\", ( new Date() ).getTime() );<\/script><\/p><div class=\"wpcf7-response-output\" aria-hidden=\"true\"><\/div>\n<input type=\"hidden\" name=\"trp-form-language\" value=\"es\"\/><\/form>\n<\/div>\n<\/div>\n\t\t\t\t\t\t<\/div>\n\t\t\t\t<\/div>\n\t\t\t\t\t<\/div>\n\t\t<\/div>\n\t\t\t\t\t<\/div>\n\t\t<\/section>\n\t\t\t\t<\/div>","protected":false},"excerpt":{"rendered":"<p>Contact Thank you very much for visiting this page. Please feel free to contact us with any queries via email, Instagram or Facebook. @rafaelpedrosadorado rafaelpedrosadorado<\/p>","protected":false},"author":1,"featured_media":0,"parent":0,"menu_order":0,"comment_status":"closed","ping_status":"closed","template":"","meta":{"footnotes":""},"class_list":["post-2750","page","type-page","status-publish","hentry"],"yoast_head":"<!-- This site is optimized with the Yoast SEO plugin v27.2 - https:\/\/yoast.com\/product\/yoast-seo-wordpress\/ -->\n<title>Contact -<\/title>\n<meta name=\"robots\" content=\"index, follow, max-snippet:-1, max-image-preview:large, max-video-preview:-1\" \/>\n<link rel=\"canonical\" href=\"https:\/\/rafaelpedrosadorado.com\/es\/contact-new\/\" \/>\n<meta property=\"og:locale\" content=\"es_ES\" \/>\n<meta property=\"og:type\" content=\"article\" \/>\n<meta property=\"og:title\" content=\"Contact -\" \/>\n<meta property=\"og:description\" content=\"Contact Thank you very much for visiting this page. Please feel free to contact us with any queries via email, Instagram or Facebook. @rafaelpedrosadorado rafaelpedrosadorado\" \/>\n<meta property=\"og:url\" content=\"https:\/\/rafaelpedrosadorado.com\/es\/contact-new\/\" \/>\n<meta property=\"article:modified_time\" content=\"2026-04-26T10:17:18+00:00\" \/>\n<meta property=\"og:image\" content=\"https:\/\/rafaelpedrosadorado.com\/wp-content\/uploads\/elementor\/thumbs\/Instagram_logo_2016.svg-qe3p5bnpa8phmzfau8ofain9pu7x9r3nvs1pbtklv0.webp\" \/>\n<meta name=\"twitter:card\" content=\"summary_large_image\" \/>\n<meta name=\"twitter:label1\" content=\"Tiempo de lectura\" \/>\n\t<meta name=\"twitter:data1\" content=\"1 minuto\" \/>\n<script type=\"application\/ld+json\" class=\"yoast-schema-graph\">{\"@context\":\"https:\/\/schema.org\",\"@graph\":[{\"@type\":\"WebPage\",\"@id\":\"https:\/\/rafaelpedrosadorado.com\/contact-new\/\",\"url\":\"https:\/\/rafaelpedrosadorado.com\/contact-new\/\",\"name\":\"Contact -\",\"isPartOf\":{\"@id\":\"https:\/\/rafaelpedrosadorado.com\/#website\"},\"primaryImageOfPage\":{\"@id\":\"https:\/\/rafaelpedrosadorado.com\/contact-new\/#primaryimage\"},\"image\":{\"@id\":\"https:\/\/rafaelpedrosadorado.com\/contact-new\/#primaryimage\"},\"thumbnailUrl\":\"https:\/\/rafaelpedrosadorado.com\/wp-content\/uploads\/elementor\/thumbs\/Instagram_logo_2016.svg-qe3p5bnpa8phmzfau8ofain9pu7x9r3nvs1pbtklv0.webp\",\"datePublished\":\"2026-04-25T15:47:54+00:00\",\"dateModified\":\"2026-04-26T10:17:18+00:00\",\"breadcrumb\":{\"@id\":\"https:\/\/rafaelpedrosadorado.com\/contact-new\/#breadcrumb\"},\"inLanguage\":\"es\",\"potentialAction\":[{\"@type\":\"ReadAction\",\"target\":[\"https:\/\/rafaelpedrosadorado.com\/contact-new\/\"]}]},{\"@type\":\"ImageObject\",\"inLanguage\":\"es\",\"@id\":\"https:\/\/rafaelpedrosadorado.com\/contact-new\/#primaryimage\",\"url\":\"https:\/\/rafaelpedrosadorado.com\/wp-content\/uploads\/elementor\/thumbs\/Instagram_logo_2016.svg-qe3p5bnpa8phmzfau8ofain9pu7x9r3nvs1pbtklv0.webp\",\"contentUrl\":\"https:\/\/rafaelpedrosadorado.com\/wp-content\/uploads\/elementor\/thumbs\/Instagram_logo_2016.svg-qe3p5bnpa8phmzfau8ofain9pu7x9r3nvs1pbtklv0.webp\"},{\"@type\":\"BreadcrumbList\",\"@id\":\"https:\/\/rafaelpedrosadorado.com\/contact-new\/#breadcrumb\",\"itemListElement\":[{\"@type\":\"ListItem\",\"position\":1,\"name\":\"Portada\",\"item\":\"https:\/\/rafaelpedrosadorado.com\/\"},{\"@type\":\"ListItem\",\"position\":2,\"name\":\"Contact\"}]},{\"@type\":\"WebSite\",\"@id\":\"https:\/\/rafaelpedrosadorado.com\/#website\",\"url\":\"https:\/\/rafaelpedrosadorado.com\/\",\"name\":\"Rafael Pedrosa Dorado - Artista Contempor\u00e1neo\",\"description\":\"Rafael Pedrosa Dorado es un Artista Contempor\u00e1neo, actualmente reside en Londres donde combina su trabajo con su proyecto personal art\u00edstico realizando exposiciones individuales y colectivas.\",\"publisher\":{\"@id\":\"https:\/\/rafaelpedrosadorado.com\/#\/schema\/person\/7d4133c80c78a165fec9e39c08c28963\"},\"potentialAction\":[{\"@type\":\"SearchAction\",\"target\":{\"@type\":\"EntryPoint\",\"urlTemplate\":\"https:\/\/rafaelpedrosadorado.com\/?s={search_term_string}\"},\"query-input\":{\"@type\":\"PropertyValueSpecification\",\"valueRequired\":true,\"valueName\":\"search_term_string\"}}],\"inLanguage\":\"es\"},{\"@type\":[\"Person\",\"Organization\"],\"@id\":\"https:\/\/rafaelpedrosadorado.com\/#\/schema\/person\/7d4133c80c78a165fec9e39c08c28963\",\"name\":\"Rafael Pedrosa Dorado\",\"image\":{\"@type\":\"ImageObject\",\"inLanguage\":\"es\",\"@id\":\"https:\/\/rafaelpedrosadorado.com\/wp-content\/uploads\/2022\/12\/movil-head-1.jpg\",\"url\":\"https:\/\/rafaelpedrosadorado.com\/wp-content\/uploads\/2022\/12\/movil-head-1.jpg\",\"contentUrl\":\"https:\/\/rafaelpedrosadorado.com\/wp-content\/uploads\/2022\/12\/movil-head-1.jpg\",\"width\":700,\"height\":700,\"caption\":\"Rafael Pedrosa Dorado\"},\"logo\":{\"@id\":\"https:\/\/rafaelpedrosadorado.com\/wp-content\/uploads\/2022\/12\/movil-head-1.jpg\"},\"sameAs\":[\"http:\/\/rafaelpedrosadorado.com\"]}]}<\/script>\n<!-- \/ Yoast SEO plugin. -->","yoast_head_json":{"title":"Contact -","robots":{"index":"index","follow":"follow","max-snippet":"max-snippet:-1","max-image-preview":"max-image-preview:large","max-video-preview":"max-video-preview:-1"},"canonical":"https:\/\/rafaelpedrosadorado.com\/es\/contact-new\/","og_locale":"es_ES","og_type":"article","og_title":"Contact -","og_description":"Contact Thank you very much for visiting this page. Please feel free to contact us with any queries via email, Instagram or Facebook. @rafaelpedrosadorado rafaelpedrosadorado","og_url":"https:\/\/rafaelpedrosadorado.com\/es\/contact-new\/","article_modified_time":"2026-04-26T10:17:18+00:00","og_image":[{"url":"https:\/\/rafaelpedrosadorado.com\/wp-content\/uploads\/elementor\/thumbs\/Instagram_logo_2016.svg-qe3p5bnpa8phmzfau8ofain9pu7x9r3nvs1pbtklv0.webp","type":"","width":"","height":""}],"twitter_card":"summary_large_image","twitter_misc":{"Tiempo de lectura":"1 minuto"},"schema":{"@context":"https:\/\/schema.org","@graph":[{"@type":"WebPage","@id":"https:\/\/rafaelpedrosadorado.com\/contact-new\/","url":"https:\/\/rafaelpedrosadorado.com\/contact-new\/","name":"Contact -","isPartOf":{"@id":"https:\/\/rafaelpedrosadorado.com\/#website"},"primaryImageOfPage":{"@id":"https:\/\/rafaelpedrosadorado.com\/contact-new\/#primaryimage"},"image":{"@id":"https:\/\/rafaelpedrosadorado.com\/contact-new\/#primaryimage"},"thumbnailUrl":"https:\/\/rafaelpedrosadorado.com\/wp-content\/uploads\/elementor\/thumbs\/Instagram_logo_2016.svg-qe3p5bnpa8phmzfau8ofain9pu7x9r3nvs1pbtklv0.webp","datePublished":"2026-04-25T15:47:54+00:00","dateModified":"2026-04-26T10:17:18+00:00","breadcrumb":{"@id":"https:\/\/rafaelpedrosadorado.com\/contact-new\/#breadcrumb"},"inLanguage":"es","potentialAction":[{"@type":"ReadAction","target":["https:\/\/rafaelpedrosadorado.com\/contact-new\/"]}]},{"@type":"ImageObject","inLanguage":"es","@id":"https:\/\/rafaelpedrosadorado.com\/contact-new\/#primaryimage","url":"https:\/\/rafaelpedrosadorado.com\/wp-content\/uploads\/elementor\/thumbs\/Instagram_logo_2016.svg-qe3p5bnpa8phmzfau8ofain9pu7x9r3nvs1pbtklv0.webp","contentUrl":"https:\/\/rafaelpedrosadorado.com\/wp-content\/uploads\/elementor\/thumbs\/Instagram_logo_2016.svg-qe3p5bnpa8phmzfau8ofain9pu7x9r3nvs1pbtklv0.webp"},{"@type":"BreadcrumbList","@id":"https:\/\/rafaelpedrosadorado.com\/contact-new\/#breadcrumb","itemListElement":[{"@type":"ListItem","position":1,"name":"Portada","item":"https:\/\/rafaelpedrosadorado.com\/"},{"@type":"ListItem","position":2,"name":"Contact"}]},{"@type":"WebSite","@id":"https:\/\/rafaelpedrosadorado.com\/#website","url":"https:\/\/rafaelpedrosadorado.com\/","name":"Rafael Pedrosa Dorado - Artista Contempor\u00e1neo","description":"Rafael Pedrosa Dorado es un Artista Contempor\u00e1neo, actualmente reside en Londres donde combina su trabajo con su proyecto personal art\u00edstico realizando exposiciones individuales y colectivas.","publisher":{"@id":"https:\/\/rafaelpedrosadorado.com\/#\/schema\/person\/7d4133c80c78a165fec9e39c08c28963"},"potentialAction":[{"@type":"SearchAction","target":{"@type":"EntryPoint","urlTemplate":"https:\/\/rafaelpedrosadorado.com\/?s={search_term_string}"},"query-input":{"@type":"PropertyValueSpecification","valueRequired":true,"valueName":"search_term_string"}}],"inLanguage":"es"},{"@type":["Person","Organization"],"@id":"https:\/\/rafaelpedrosadorado.com\/#\/schema\/person\/7d4133c80c78a165fec9e39c08c28963","name":"Rafael Pedrosa Dorado","image":{"@type":"ImageObject","inLanguage":"es","@id":"https:\/\/rafaelpedrosadorado.com\/wp-content\/uploads\/2022\/12\/movil-head-1.jpg","url":"https:\/\/rafaelpedrosadorado.com\/wp-content\/uploads\/2022\/12\/movil-head-1.jpg","contentUrl":"https:\/\/rafaelpedrosadorado.com\/wp-content\/uploads\/2022\/12\/movil-head-1.jpg","width":700,"height":700,"caption":"Rafael Pedrosa Dorado"},"logo":{"@id":"https:\/\/rafaelpedrosadorado.com\/wp-content\/uploads\/2022\/12\/movil-head-1.jpg"},"sameAs":["http:\/\/rafaelpedrosadorado.com"]}]}},"jetpack_sharing_enabled":true,"_links":{"self":[{"href":"https:\/\/rafaelpedrosadorado.com\/es\/wp-json\/wp\/v2\/pages\/2750","targetHints":{"allow":["GET"]}}],"collection":[{"href":"https:\/\/rafaelpedrosadorado.com\/es\/wp-json\/wp\/v2\/pages"}],"about":[{"href":"https:\/\/rafaelpedrosadorado.com\/es\/wp-json\/wp\/v2\/types\/page"}],"author":[{"embeddable":true,"href":"https:\/\/rafaelpedrosadorado.com\/es\/wp-json\/wp\/v2\/users\/1"}],"replies":[{"embeddable":true,"href":"https:\/\/rafaelpedrosadorado.com\/es\/wp-json\/wp\/v2\/comments?post=2750"}],"version-history":[{"count":12,"href":"https:\/\/rafaelpedrosadorado.com\/es\/wp-json\/wp\/v2\/pages\/2750\/revisions"}],"predecessor-version":[{"id":2839,"href":"https:\/\/rafaelpedrosadorado.com\/es\/wp-json\/wp\/v2\/pages\/2750\/revisions\/2839"}],"wp:attachment":[{"href":"https:\/\/rafaelpedrosadorado.com\/es\/wp-json\/wp\/v2\/media?parent=2750"}],"curies":[{"name":"wp","href":"https:\/\/api.w.org\/{rel}","templated":true}]}}